{"id":27754,"date":"2022-07-08T22:14:44","date_gmt":"2022-07-08T22:14:44","guid":{"rendered":"https:\/\/ligamosya.com\/a\/?page_id=27754"},"modified":"2024-04-08T21:12:58","modified_gmt":"2024-04-08T21:12:58","slug":"alparslan-buyuk-selcuklu-english","status":"publish","type":"page","link":"https:\/\/ligamosya.com\/a\/alparslan-buyuk-selcuklu-english\/","title":{"rendered":"Alparslan: B\u00fcy\u00fck Sel\u00e7uklu English Turkish"},"content":{"rendered":"\n<div class=\"wp-block-cover is-light\"><span aria-hidden=\"true\" class=\"wp-block-cover__background has-background-dim\"><\/span><img decoding=\"async\" class=\"wp-block-cover__image-background\" alt=\"\" src=\"http:\/\/todotvnews.com\/wp-content\/uploads\/2021\/11\/GreatAlparslan.jpg\" data-object-fit=\"cover\"\/><div class=\"wp-block-cover__inner-container is-layout-flow wp-block-cover-is-layout-flow\">\n<div class=\"wp-block-buttons is-content-justification-center is-nowrap is-layout-flex wp-container-core-buttons-is-layout-1fb9aab6 wp-block-buttons-is-layout-flex\">\n<div class=\"wp-block-button has-custom-width wp-block-button__width-50 has-custom-font-size is-style-outline has-small-font-size is-style-outline--1\"><a class=\"wp-block-button__link has-white-color has-text-color wp-element-button\" href=\"https:\/\/ligamosya.com\/a\/alparslan-buyuk-selcuklu-english\/3\/\">WATCH SERIES<\/a><\/div>\n<\/div>\n\n\n\n<div class=\"wp-block-buttons is-content-justification-center is-nowrap is-layout-flex wp-container-core-buttons-is-layout-1fb9aab6 wp-block-buttons-is-layout-flex\">\n<div class=\"wp-block-button has-custom-width wp-block-button__width-50 has-custom-font-size is-style-outline has-small-font-size is-style-outline--2\"><a class=\"wp-block-button__link has-white-color has-text-color wp-element-button\" href=\"https:\/\/ligamosya.com\/a\/alparslan-buyuk-selcuklu-english\/4\/\">Next<\/a><\/div>\n<\/div>\n\n\n\n<div class=\"wp-block-buttons is-content-justification-center is-layout-flex wp-container-core-buttons-is-layout-16018d1d wp-block-buttons-is-layout-flex\">\n<div class=\"wp-block-button has-custom-width wp-block-button__width-50 has-custom-font-size is-style-outline has-small-font-size is-style-outline--3\"><a class=\"wp-block-button__link has-white-color has-text-color wp-element-button\" href=\"https:\/\/ligamosya.com\/a\/alparslan-buyuk-selcuklu-english\/5\/\">Next<\/a><\/div>\n<\/div>\n\n\n\n<div class=\"wp-block-buttons is-content-justification-center is-layout-flex wp-container-core-buttons-is-layout-16018d1d wp-block-buttons-is-layout-flex\">\n<div class=\"wp-block-button has-custom-width wp-block-button__width-50 has-custom-font-size is-style-outline has-small-font-size is-style-outline--4\"><a class=\"wp-block-button__link has-white-color has-text-color wp-element-button\" href=\"https:\/\/ligamosya.com\/a\/alparslan-buyuk-selcuklu-english\/6\/\">Next<\/a><\/div>\n<\/div>\n\n\n\n<div class=\"wp-block-buttons is-content-justification-center is-layout-flex wp-container-core-buttons-is-layout-16018d1d wp-block-buttons-is-layout-flex\">\n<div class=\"wp-block-button has-custom-width wp-block-button__width-50 has-custom-font-size is-style-outline has-small-font-size is-style-outline--5\"><a class=\"wp-block-button__link has-white-color has-text-color wp-element-button\" href=\"https:\/\/ligamosya.com\/a\/alparslan-buyuk-selcuklu-english\/7\/\">Next<\/a><\/div>\n<\/div>\n\n\n\n<div class=\"wp-block-buttons is-content-justification-center is-layout-flex wp-container-core-buttons-is-layout-16018d1d wp-block-buttons-is-layout-flex\">\n<div class=\"wp-block-button has-custom-width wp-block-button__width-50 has-custom-font-size is-style-outline has-small-font-size is-style-outline--6\"><a class=\"wp-block-button__link has-white-color has-text-color wp-element-button\" href=\"https:\/\/ligamosya.com\/a\/alparslan-buyuk-selcuklu-english\/8\/\">Chat live<\/a><\/div>\n<\/div>\n\n\n\n<div class=\"wp-block-buttons is-content-justification-center is-nowrap is-layout-flex wp-container-core-buttons-is-layout-1fb9aab6 wp-block-buttons-is-layout-flex\">\n<div class=\"wp-block-button has-custom-width wp-block-button__width-50 has-custom-font-size is-style-outline has-small-font-size is-style-outline--7\"><a class=\"wp-block-button__link has-white-color has-text-color wp-element-button\" href=\"https:\/\/ligamosya.com\/a\/alparslan-buyuk-selcuklu-english\/9\/\">Next<\/a><\/div>\n<\/div>\n<\/div><\/div>\n\n\n\n<p>#Serie<\/p>\n\n\n\n<!--nextpage-->\n\n\n<div style=\"position: relative; padding-bottom: 56.25%; height: 0; overflow: hidden;\"><iframe loading=\"lazy\" style=\"width: 100%; height: 100%; position: absolute; left: 0px; top: 0px; overflow: hidden;\" src=\"https:\/\/www.dailymotion.com\/embed\/video\/x88lh72?playlist=x7k2ja&amp;autoplay=1&amp;mute=1\" width=\"100%\" height=\"100%\" frameborder=\"0\" sandbox=\"allow-scripts allow-same-origin allow-orientation-lock allow-presentation allow-top-navigation\" allowfullscreen=\"allowfullscreen\"> <\/iframe><\/div>\n\n\n<p><a href=\"https:\/\/ligamosya.com\/tv-cable-online\/\">TV Cable Online Network and your media<\/a>.<\/p>\n\n\n\n<!--nextpage-->\n\n\n<div style=\"position: relative; padding-bottom: 56.25%; height: 0; overflow: hidden;\"><iframe loading=\"lazy\" style=\"width: 100%; height: 100%; position: absolute; left: 0px; top: 0px; overflow: hidden;\" src=\"https:\/\/www.dailymotion.com\/embed\/video\/x88e3v5?playlist=x7k2k7&amp;autoplay=1&amp;mute=1\" width=\"100%\" height=\"100%\" frameborder=\"0\" sandbox=\"allow-scripts allow-same-origin allow-orientation-lock allow-presentation allow-top-navigation\" allowfullscreen=\"allowfullscreen\"> <\/iframe><\/div>\n\n\n<!--nextpage-->\n\n\n<div style=\"position: relative; padding-bottom: 56.25%; height: 0; overflow: hidden;\"><iframe loading=\"lazy\" style=\"width: 100%; height: 100%; position: absolute; left: 0px; top: 0px; overflow: hidden;\" src=\"https:\/\/www.dailymotion.com\/embed\/video\/x899gtg?playlist=x7k6ds&amp;autoplay=1&amp;mute=1\" width=\"100%\" height=\"100%\" frameborder=\"0\" sandbox=\"allow-scripts allow-same-origin allow-orientation-lock allow-presentation allow-top-navigation\" allowfullscreen=\"allowfullscreen\"> <\/iframe><\/div>\n\n\n<!--nextpage-->\n\n\n<div style=\"position: relative; padding-bottom: 56.25%; height: 0; overflow: hidden;\"><iframe loading=\"lazy\" style=\"width: 100%; height: 100%; position: absolute; left: 0px; top: 0px; overflow: hidden;\" src=\"https:\/\/www.dailymotion.com\/embed\/video\/x8a0qln?playlist=x7k6jb&amp;autoplay=1&amp;mute=1\" width=\"100%\" height=\"100%\" frameborder=\"0\" sandbox=\"allow-scripts allow-same-origin allow-orientation-lock allow-presentation allow-top-navigation\" allowfullscreen=\"allowfullscreen\"> <\/iframe><\/div>\n\n\n<!--nextpage-->\n\n\n<div style=\"position: relative; padding-bottom: 56.25%; height: 0; overflow: hidden;\"><iframe loading=\"lazy\" style=\"width: 100%; height: 100%; position: absolute; left: 0px; top: 0px; overflow: hidden;\" src=\"https:\/\/www.dailymotion.com\/embed\/video\/x8ap246?playlist=x7k6ub&amp;autoplay=1&amp;mute=1\" width=\"100%\" height=\"100%\" frameborder=\"0\" sandbox=\"allow-scripts allow-same-origin allow-orientation-lock allow-presentation allow-top-navigation\" allowfullscreen=\"allowfullscreen\"> <\/iframe><\/div>\n\n\n<!--nextpage-->\n\n\n<p><iframe loading=\"lazy\" src=\"https:\/\/xat.com\/embed\/chat.php#id=220517708&amp;gn=OverlordGames\" width=\"100%\" height=\"486\" frameborder=\"0\" scrolling=\"no\"><\/iframe><\/p>\n\n\n<!--nextpage-->\n\n\n<div style=\"position: relative; padding-bottom: 56.25%; height: 0; overflow: hidden;\"><iframe loading=\"lazy\" style=\"width: 100%; height: 100%; position: absolute; left: 0px; top: 0px; overflow: hidden;\" src=\"https:\/\/www.dailymotion.com\/embed\/video\/x868fu8\" width=\"100%\" height=\"100%\" frameborder=\"0\" sandbox=\"allow-scripts allow-same-origin allow-orientation-lock allow-presentation allow-top-navigation\" allowfullscreen=\"allowfullscreen\"> <\/iframe><\/div>","protected":false},"excerpt":{"rendered":"<p>#Serie<\/p>\n","protected":false},"author":1,"featured_media":27755,"parent":0,"menu_order":0,"comment_status":"open","ping_status":"closed","template":"showcase.php","meta":{"footnotes":""},"class_list":["post-27754","page","type-page","status-publish","has-post-thumbnail","hentry"],"yoast_head":"<!-- This site is optimized with the Yoast SEO plugin v27.4 - https:\/\/yoast.com\/product\/yoast-seo-wordpress\/ -->\n<title>Alparslan: B\u00fcy\u00fck Sel\u00e7uklu English Turkish<\/title>\n<meta name=\"description\" content=\"Alparslan: B\u00fcy\u00fck Sel\u00e7uklu English WATCH SERIES   Next   Next   Next   Next   Chat live   Next   #Serie      TV Cable Online Network and your media.\" \/>\n<meta name=\"robots\" content=\"index, follow, max-snippet:-1, max-image-preview:large, max-video-preview:-1\" \/>\n<link rel=\"canonical\" href=\"https:\/\/ligamosya.com\/a\/alparslan-buyuk-selcuklu-english\/\" \/>\n<link rel=\"next\" href=\"https:\/\/ligamosya.com\/a\/alparslan-buyuk-selcuklu-english\/2\/\" \/>\n<meta property=\"og:locale\" content=\"en_US\" \/>\n<meta property=\"og:type\" content=\"article\" \/>\n<meta property=\"og:title\" content=\"Alparslan: B\u00fcy\u00fck Sel\u00e7uklu English Turkish\" \/>\n<meta property=\"og:description\" content=\"Alparslan: B\u00fcy\u00fck Sel\u00e7uklu English WATCH SERIES   Next   Next   Next   Next   Chat live   Next   #Serie      TV Cable Online Network and your media.\" \/>\n<meta property=\"og:url\" content=\"https:\/\/ligamosya.com\/a\/alparslan-buyuk-selcuklu-english\/\" \/>\n<meta property=\"og:site_name\" content=\"Ly mobile it&#039;s People&#039;s Internet Internet de las Personas\" \/>\n<meta property=\"article:publisher\" content=\"https:\/\/www.facebook.com\/groups\/Internetdelaspersonas\/\" \/>\n<meta property=\"article:modified_time\" content=\"2024-04-08T21:12:58+00:00\" \/>\n<meta property=\"og:image\" content=\"https:\/\/ligamosya.com\/a\/wp-content\/uploads\/2022\/07\/Watch-Payitaht-AbdulHamid-Season-4-with-English-Subtitles-p4-400x240-1.jpg\" \/>\n\t<meta property=\"og:image:width\" content=\"400\" \/>\n\t<meta property=\"og:image:height\" content=\"240\" \/>\n\t<meta property=\"og:image:type\" content=\"image\/jpeg\" \/>\n<meta name=\"twitter:card\" content=\"summary_large_image\" \/>\n<script type=\"application\/ld+json\" class=\"yoast-schema-graph\">{\"@context\":\"https:\\\/\\\/schema.org\",\"@graph\":[{\"@type\":\"WebPage\",\"@id\":\"https:\\\/\\\/ligamosya.com\\\/a\\\/alparslan-buyuk-selcuklu-english\\\/\",\"url\":\"https:\\\/\\\/ligamosya.com\\\/a\\\/alparslan-buyuk-selcuklu-english\\\/\",\"name\":\"Alparslan: B\u00fcy\u00fck Sel\u00e7uklu English Turkish\",\"isPartOf\":{\"@id\":\"https:\\\/\\\/ligamosya.com\\\/a\\\/#website\"},\"primaryImageOfPage\":{\"@id\":\"https:\\\/\\\/ligamosya.com\\\/a\\\/alparslan-buyuk-selcuklu-english\\\/#primaryimage\"},\"image\":{\"@id\":\"https:\\\/\\\/ligamosya.com\\\/a\\\/alparslan-buyuk-selcuklu-english\\\/#primaryimage\"},\"thumbnailUrl\":\"https:\\\/\\\/ligamosya.com\\\/a\\\/wp-content\\\/uploads\\\/2022\\\/07\\\/Watch-Payitaht-AbdulHamid-Season-4-with-English-Subtitles-p4-400x240-1.jpg\",\"datePublished\":\"2022-07-08T22:14:44+00:00\",\"dateModified\":\"2024-04-08T21:12:58+00:00\",\"description\":\"Alparslan: B\u00fcy\u00fck Sel\u00e7uklu English WATCH SERIES Next Next Next Next Chat live Next #Serie TV Cable Online Network and your media.\",\"inLanguage\":\"en-US\",\"potentialAction\":[{\"@type\":\"ReadAction\",\"target\":[\"https:\\\/\\\/ligamosya.com\\\/a\\\/alparslan-buyuk-selcuklu-english\\\/\"]}]},{\"@type\":\"ImageObject\",\"inLanguage\":\"en-US\",\"@id\":\"https:\\\/\\\/ligamosya.com\\\/a\\\/alparslan-buyuk-selcuklu-english\\\/#primaryimage\",\"url\":\"https:\\\/\\\/ligamosya.com\\\/a\\\/wp-content\\\/uploads\\\/2022\\\/07\\\/Watch-Payitaht-AbdulHamid-Season-4-with-English-Subtitles-p4-400x240-1.jpg\",\"contentUrl\":\"https:\\\/\\\/ligamosya.com\\\/a\\\/wp-content\\\/uploads\\\/2022\\\/07\\\/Watch-Payitaht-AbdulHamid-Season-4-with-English-Subtitles-p4-400x240-1.jpg\",\"width\":400,\"height\":240,\"caption\":\"Alparslan: B\u00fcy\u00fck Sel\u00e7uklu English\"},{\"@type\":\"WebSite\",\"@id\":\"https:\\\/\\\/ligamosya.com\\\/a\\\/#website\",\"url\":\"https:\\\/\\\/ligamosya.com\\\/a\\\/\",\"name\":\"Ly mobile it&#039;s People&#039;s Internet Internet de las Personas\",\"description\":\"T\u00fa estas en el mundo a todo lujo. You are in the world in luxury\",\"publisher\":{\"@id\":\"https:\\\/\\\/ligamosya.com\\\/a\\\/#organization\"},\"potentialAction\":[{\"@type\":\"SearchAction\",\"target\":{\"@type\":\"EntryPoint\",\"urlTemplate\":\"https:\\\/\\\/ligamosya.com\\\/a\\\/?s={search_term_string}\"},\"query-input\":{\"@type\":\"PropertyValueSpecification\",\"valueRequired\":true,\"valueName\":\"search_term_string\"}}],\"inLanguage\":\"en-US\"},{\"@type\":\"Organization\",\"@id\":\"https:\\\/\\\/ligamosya.com\\\/a\\\/#organization\",\"name\":\"Ly mobile\",\"url\":\"https:\\\/\\\/ligamosya.com\\\/a\\\/\",\"logo\":{\"@type\":\"ImageObject\",\"inLanguage\":\"en-US\",\"@id\":\"https:\\\/\\\/ligamosya.com\\\/a\\\/#\\\/schema\\\/logo\\\/image\\\/\",\"url\":\"https:\\\/\\\/ligamosya.com\\\/a\\\/wp-content\\\/uploads\\\/2019\\\/11\\\/2_win1.ico\",\"contentUrl\":\"https:\\\/\\\/ligamosya.com\\\/a\\\/wp-content\\\/uploads\\\/2019\\\/11\\\/2_win1.ico\",\"width\":32,\"height\":32,\"caption\":\"Ly mobile\"},\"image\":{\"@id\":\"https:\\\/\\\/ligamosya.com\\\/a\\\/#\\\/schema\\\/logo\\\/image\\\/\"},\"sameAs\":[\"https:\\\/\\\/www.facebook.com\\\/groups\\\/Internetdelaspersonas\\\/\",\"https:\\\/\\\/www.instagram.com\\\/ligamosya.com_partner\\\/?hl=es-la\",\"https:\\\/\\\/www.pinterest.com.mx\\\/billmayoii\\\/\",\"https:\\\/\\\/www.youtube.com\\\/channel\\\/UCk3UUsA6_PbjUs3kL1Qohsw\"]}]}<\/script>\n<!-- \/ Yoast SEO plugin. -->","yoast_head_json":{"title":"Alparslan: B\u00fcy\u00fck Sel\u00e7uklu English Turkish","description":"Alparslan: B\u00fcy\u00fck Sel\u00e7uklu English WATCH SERIES   Next   Next   Next   Next   Chat live   Next   #Serie      TV Cable Online Network and your media.","robots":{"index":"index","follow":"follow","max-snippet":"max-snippet:-1","max-image-preview":"max-image-preview:large","max-video-preview":"max-video-preview:-1"},"canonical":"https:\/\/ligamosya.com\/a\/alparslan-buyuk-selcuklu-english\/","next":"https:\/\/ligamosya.com\/a\/alparslan-buyuk-selcuklu-english\/2\/","og_locale":"en_US","og_type":"article","og_title":"Alparslan: B\u00fcy\u00fck Sel\u00e7uklu English Turkish","og_description":"Alparslan: B\u00fcy\u00fck Sel\u00e7uklu English WATCH SERIES   Next   Next   Next   Next   Chat live   Next   #Serie      TV Cable Online Network and your media.","og_url":"https:\/\/ligamosya.com\/a\/alparslan-buyuk-selcuklu-english\/","og_site_name":"Ly mobile it&#039;s People&#039;s Internet Internet de las Personas","article_publisher":"https:\/\/www.facebook.com\/groups\/Internetdelaspersonas\/","article_modified_time":"2024-04-08T21:12:58+00:00","og_image":[{"width":400,"height":240,"url":"https:\/\/ligamosya.com\/a\/wp-content\/uploads\/2022\/07\/Watch-Payitaht-AbdulHamid-Season-4-with-English-Subtitles-p4-400x240-1.jpg","type":"image\/jpeg"}],"twitter_card":"summary_large_image","schema":{"@context":"https:\/\/schema.org","@graph":[{"@type":"WebPage","@id":"https:\/\/ligamosya.com\/a\/alparslan-buyuk-selcuklu-english\/","url":"https:\/\/ligamosya.com\/a\/alparslan-buyuk-selcuklu-english\/","name":"Alparslan: B\u00fcy\u00fck Sel\u00e7uklu English Turkish","isPartOf":{"@id":"https:\/\/ligamosya.com\/a\/#website"},"primaryImageOfPage":{"@id":"https:\/\/ligamosya.com\/a\/alparslan-buyuk-selcuklu-english\/#primaryimage"},"image":{"@id":"https:\/\/ligamosya.com\/a\/alparslan-buyuk-selcuklu-english\/#primaryimage"},"thumbnailUrl":"https:\/\/ligamosya.com\/a\/wp-content\/uploads\/2022\/07\/Watch-Payitaht-AbdulHamid-Season-4-with-English-Subtitles-p4-400x240-1.jpg","datePublished":"2022-07-08T22:14:44+00:00","dateModified":"2024-04-08T21:12:58+00:00","description":"Alparslan: B\u00fcy\u00fck Sel\u00e7uklu English WATCH SERIES Next Next Next Next Chat live Next #Serie TV Cable Online Network and your media.","inLanguage":"en-US","potentialAction":[{"@type":"ReadAction","target":["https:\/\/ligamosya.com\/a\/alparslan-buyuk-selcuklu-english\/"]}]},{"@type":"ImageObject","inLanguage":"en-US","@id":"https:\/\/ligamosya.com\/a\/alparslan-buyuk-selcuklu-english\/#primaryimage","url":"https:\/\/ligamosya.com\/a\/wp-content\/uploads\/2022\/07\/Watch-Payitaht-AbdulHamid-Season-4-with-English-Subtitles-p4-400x240-1.jpg","contentUrl":"https:\/\/ligamosya.com\/a\/wp-content\/uploads\/2022\/07\/Watch-Payitaht-AbdulHamid-Season-4-with-English-Subtitles-p4-400x240-1.jpg","width":400,"height":240,"caption":"Alparslan: B\u00fcy\u00fck Sel\u00e7uklu English"},{"@type":"WebSite","@id":"https:\/\/ligamosya.com\/a\/#website","url":"https:\/\/ligamosya.com\/a\/","name":"Ly mobile it&#039;s People&#039;s Internet Internet de las Personas","description":"T\u00fa estas en el mundo a todo lujo. You are in the world in luxury","publisher":{"@id":"https:\/\/ligamosya.com\/a\/#organization"},"potentialAction":[{"@type":"SearchAction","target":{"@type":"EntryPoint","urlTemplate":"https:\/\/ligamosya.com\/a\/?s={search_term_string}"},"query-input":{"@type":"PropertyValueSpecification","valueRequired":true,"valueName":"search_term_string"}}],"inLanguage":"en-US"},{"@type":"Organization","@id":"https:\/\/ligamosya.com\/a\/#organization","name":"Ly mobile","url":"https:\/\/ligamosya.com\/a\/","logo":{"@type":"ImageObject","inLanguage":"en-US","@id":"https:\/\/ligamosya.com\/a\/#\/schema\/logo\/image\/","url":"https:\/\/ligamosya.com\/a\/wp-content\/uploads\/2019\/11\/2_win1.ico","contentUrl":"https:\/\/ligamosya.com\/a\/wp-content\/uploads\/2019\/11\/2_win1.ico","width":32,"height":32,"caption":"Ly mobile"},"image":{"@id":"https:\/\/ligamosya.com\/a\/#\/schema\/logo\/image\/"},"sameAs":["https:\/\/www.facebook.com\/groups\/Internetdelaspersonas\/","https:\/\/www.instagram.com\/ligamosya.com_partner\/?hl=es-la","https:\/\/www.pinterest.com.mx\/billmayoii\/","https:\/\/www.youtube.com\/channel\/UCk3UUsA6_PbjUs3kL1Qohsw"]}]}},"_links":{"self":[{"href":"https:\/\/ligamosya.com\/a\/wp-json\/wp\/v2\/pages\/27754","targetHints":{"allow":["GET"]}}],"collection":[{"href":"https:\/\/ligamosya.com\/a\/wp-json\/wp\/v2\/pages"}],"about":[{"href":"https:\/\/ligamosya.com\/a\/wp-json\/wp\/v2\/types\/page"}],"author":[{"embeddable":true,"href":"https:\/\/ligamosya.com\/a\/wp-json\/wp\/v2\/users\/1"}],"replies":[{"embeddable":true,"href":"https:\/\/ligamosya.com\/a\/wp-json\/wp\/v2\/comments?post=27754"}],"version-history":[{"count":0,"href":"https:\/\/ligamosya.com\/a\/wp-json\/wp\/v2\/pages\/27754\/revisions"}],"wp:featuredmedia":[{"embeddable":true,"href":"https:\/\/ligamosya.com\/a\/wp-json\/wp\/v2\/media\/27755"}],"wp:attachment":[{"href":"https:\/\/ligamosya.com\/a\/wp-json\/wp\/v2\/media?parent=27754"}],"curies":[{"name":"wp","href":"https:\/\/api.w.org\/{rel}","templated":true}]}}