{"id":27812,"date":"2022-08-04T13:12:00","date_gmt":"2022-08-04T13:12:00","guid":{"rendered":"https:\/\/ligamosya.com\/a\/?page_id=27812"},"modified":"2026-03-02T18:17:34","modified_gmt":"2026-03-02T18:17:34","slug":"sultan-alparslan-espanol-turco-internacional","status":"publish","type":"page","link":"https:\/\/ligamosya.com\/a\/sultan-alparslan-espanol-turco-internacional\/","title":{"rendered":"Sultan Alparslan espa\u00f1ol turco internacional Mas novelas"},"content":{"rendered":"\n<div style=\"position:relative;padding-bottom:56.25%;height:0;overflow:hidden;\">\n<iframe src=\"https:\/\/geo.dailymotion.com\/player.html?playlist=x7ze26&amp;autonext=1\"style=\"width:100%; height:100%; position:absolute; left:0px; top:0px; overflow:hidden; border:none;\"allowfullscreen=\"allowfullscreen\"allow=\"web-share\" sandbox=\"allow-scripts allow-same-origin allow-orientation-lock allow-presentation allow-top-navigation\"><\/iframe><\/div>\n\n\n\n<div class=\"wp-block-cover aligncenter\"><img decoding=\"async\" class=\"wp-block-cover__image-background\" alt=\"\" src=\"https:\/\/encrypted-tbn0.gstatic.com\/images?q=tbn:ANd9GcRURU4E18z1j4HxEbxW6MMXHaCO3Mj6QWKVJg&amp;usqp=CAU\" data-object-fit=\"cover\"\/><span aria-hidden=\"true\" class=\"wp-block-cover__background has-background-dim\"><\/span><div class=\"wp-block-cover__inner-container is-layout-flow wp-block-cover-is-layout-flow\">\n<div class=\"wp-block-buttons is-content-justification-center is-layout-flex wp-container-core-buttons-is-layout-5590e8cb wp-block-buttons-is-layout-flex\">\n<div class=\"wp-block-button is-style-outline is-style-outline--1\"><a class=\"wp-block-button__link has-white-color has-text-color wp-element-button\" href=\"https:\/\/ligamosya.com\/a\/sultan-alparslan-espanol-turco-internacional\/2\/\">Siguientes cap\u00edtulos<\/a><\/div>\n<\/div>\n\n\n\n<div class=\"wp-block-buttons is-content-justification-center is-layout-flex wp-container-core-buttons-is-layout-16018d1d wp-block-buttons-is-layout-flex\">\n<div class=\"wp-block-button is-style-outline is-style-outline--2\"><a class=\"wp-block-button__link has-white-color has-text-color wp-element-button\" href=\"https:\/\/ligamosya.com\/a\/sultan-alparslan-espanol-turco-internacional\/3\/\">Siguientes cap\u00edtulos<\/a><\/div>\n<\/div>\n\n\n\n<div class=\"wp-block-buttons is-content-justification-center is-layout-flex wp-container-core-buttons-is-layout-16018d1d wp-block-buttons-is-layout-flex\">\n<div class=\"wp-block-button is-style-outline is-style-outline--3\"><a class=\"wp-block-button__link has-white-color has-text-color wp-element-button\" href=\"https:\/\/ligamosya.com\/a\/sultan-alparslan-espanol-turco-internacional\/4\/\">Siguientes cap\u00edtulos<\/a><\/div>\n<\/div>\n\n\n\n<div class=\"wp-block-buttons is-content-justification-center is-layout-flex wp-container-core-buttons-is-layout-16018d1d wp-block-buttons-is-layout-flex\">\n<div class=\"wp-block-button is-style-outline is-style-outline--4\"><a class=\"wp-block-button__link has-white-color has-text-color wp-element-button\" href=\"https:\/\/ligamosya.com\/a\/sultan-alparslan-espanol-turco-internacional\/5\/\">Grupo para conversar<\/a><\/div>\n<\/div>\n\n\n\n<div class=\"wp-block-buttons is-content-justification-center is-layout-flex wp-container-core-buttons-is-layout-16018d1d wp-block-buttons-is-layout-flex\">\n<div class=\"wp-block-button is-style-outline is-style-outline--5\"><a class=\"wp-block-button__link has-white-color has-text-color wp-element-button\" href=\"https:\/\/ligamosya.com\/a\/sultan-alparslan-espanol-turco-internacional\/7\/\">Siguientes cap\u00edtulos<\/a><\/div>\n<\/div>\n<\/div><\/div>\n\n\n\n<p>#Serie<\/p>\n\n\n\n<div class=\"wp-block-buttons is-content-justification-center is-layout-flex wp-container-core-buttons-is-layout-16018d1d wp-block-buttons-is-layout-flex\">\n<div class=\"wp-block-button has-custom-width wp-block-button__width-100 is-style-outline is-style-outline--6\"><a class=\"wp-block-button__link wp-element-button\" href=\"https:\/\/ligamosya.com\/a\/sultan-alparslan-espanol-turco-internacional\/6\/\">Primeros pasos de Alparslan<\/a><\/div>\n<\/div>\n\n\n\n<!--nextpage-->\n\n\n\n<div style=\"position:relative;padding-bottom:56.25%;height:0;overflow:hidden;\">\n<iframe src=\"https:\/\/geo.dailymotion.com\/player.html?playlist=x7jxxc\"style=\"width:100%; height:100%; position:absolute; left:0px; top:0px; overflow:hidden; border:none;\"allowfullscreen=\"allowfullscreen\"allow=\"web-share\" sandbox=\"allow-scripts allow-same-origin allow-orientation-lock allow-presentation allow-top-navigation\"><\/iframe><\/div>\n\n\n\n<figure class=\"wp-block-embed is-type-video is-provider-youtube wp-block-embed-youtube wp-embed-aspect-16-9 wp-has-aspect-ratio\">\n<div class=\"wp-block-embed__wrapper\"><iframe loading=\"lazy\" src=\"https:\/\/www.youtube-nocookie.com\/embed\/videoseries?list=PLAyjxvJgs9D57Ci6uiqLmPUHA3qa3msVu&amp;autoplay=1&amp;modestbranding=1&amp;loop=1&amp;rel=0\" width=\"100%\" height=\"200\" frameborder=\"0\" sandbox=\"allow-scripts allow-same-origin allow-orientation-lock allow-presentation allow-top-navigation\" allowfullscreen=\"allowfullscreen\"><\/iframe><\/div>\n<\/figure>\n\n\n\n<!--nextpage-->\n\n\n\n<div style=\"position:relative;padding-bottom:56.25%;height:0;overflow:hidden;\">\n<iframe src=\"https:\/\/geo.dailymotion.com\/player.html?playlist=x89317w\"style=\"width:100%; height:100%; position:absolute; left:0px; top:0px; overflow:hidden; border:none;\"allowfullscreen=\"allowfullscreen\"allow=\"web-share\" sandbox=\"allow-scripts allow-same-origin allow-orientation-lock allow-presentation allow-top-navigation\"><\/iframe><\/div>x7jyax\n\n\n\n<figure class=\"wp-block-embed is-type-video is-provider-youtube wp-block-embed-youtube wp-embed-aspect-16-9 wp-has-aspect-ratio\">\n<div class=\"wp-block-embed__wrapper\"><iframe loading=\"lazy\" src=\"https:\/\/www.youtube-nocookie.com\/embed\/videoseries?list=PLdZsojb_MbjppxNArMDZ1sZ1kXAqJpHBI&amp;autoplay=1&amp;modestbranding=1&amp;loop=1&amp;rel=0\" width=\"100%\" height=\"200\" frameborder=\"0\" sandbox=\"allow-scripts allow-same-origin allow-orientation-lock allow-presentation allow-top-navigation\" allowfullscreen=\"allowfullscreen\"><\/iframe><\/div>\n<\/figure>\n\n\n\n<!--nextpage-->\n\n\n\n<div style=\"position:relative;padding-bottom:56.25%;height:0;overflow:hidden;\">\n<iframe src=\"https:\/\/geo.dailymotion.com\/player.html?playlist=x7k04x&amp;autonext=1\"style=\"width:100%; height:100%; position:absolute; left:0px; top:0px; overflow:hidden; border:none;\"allowfullscreen=\"allowfullscreen\"allow=\"web-share\" sandbox=\"allow-scripts allow-same-origin allow-orientation-lock allow-presentation allow-top-navigation\"><\/iframe><\/div>\n\n\n\n<figure class=\"wp-block-embed is-type-video is-provider-youtube wp-block-embed-youtube wp-embed-aspect-16-9 wp-has-aspect-ratio\">\n<div class=\"wp-block-embed__wrapper\"><iframe loading=\"lazy\" src=\"https:\/\/www.youtube-nocookie.com\/embed\/videoseries?list=PLeIgzMdNPT_qSKbXbTzg8GeDChTCCuntm&amp;autoplay=1&amp;modestbranding=1&amp;loop=1&amp;rel=0\" width=\"100%\" height=\"200\" frameborder=\"0\" sandbox=\"allow-scripts allow-same-origin allow-orientation-lock allow-presentation allow-top-navigation\" allowfullscreen=\"allowfullscreen\"><\/iframe><\/div>\n<\/figure>\n\n\n\n<!--nextpage-->\n\n\n\n<p><\/p>\n\n\n\n<figure class=\"wp-block-embed is-type-video is-provider-youtube wp-block-embed-youtube wp-embed-aspect-16-9 wp-has-aspect-ratio\">\n<div class=\"wp-block-embed__wrapper\"><iframe loading=\"lazy\" src=\"https:\/\/www.youtube-nocookie.com\/embed\/videoseries?list=PL6udXmzGOaB1J7TuFT7jyqrv8RSByAnWq&amp;autoplay=1&amp;modestbranding=1&amp;loop=1&amp;rel=0\" width=\"100%\" height=\"200\" frameborder=\"0\" sandbox=\"allow-scripts allow-same-origin allow-orientation-lock allow-presentation allow-top-navigation\" allowfullscreen=\"allowfullscreen\"><\/iframe><\/div>\n<\/figure>\n\n\n\n<p><iframe loading=\"lazy\" src=\"https:\/\/xat.com\/embed\/chat.php#id=20137233&amp;gn=Foroz\" width=\"100%\" height=\"486\" frameborder=\"0\" scrolling=\"no\"><\/iframe><\/p>\n\n\n\n<!--nextpage-->\n\n\n\n<div class=\"wp-block-cover is-light\"><img decoding=\"async\" class=\"wp-block-cover__image-background\" alt=\"\" src=\"https:\/\/cdn.bolgegundem.com\/d\/news\/1088079.jpg\" data-object-fit=\"cover\"\/><span aria-hidden=\"true\" class=\"wp-block-cover__background has-background-dim\"><\/span><div class=\"wp-block-cover__inner-container is-layout-flow wp-block-cover-is-layout-flow\">\n<p class=\"has-text-align-center has-white-color has-text-color has-medium-font-size\">Alp Arslan acompa\u00f1\u00f3 a su t\u00edo Tughril Bey, en campa\u00f1as en el sur contra los fatim\u00edes chiitas, mientras que su padre, \u00c7agr\u0131 Bey, permaneci\u00f3 en Joras\u00e1n. Tras el regreso de Alp Arslan a Jorasan&#8230;<\/p>\n<\/div><\/div>\n\n\n<p align=\"justify\">El d\u00eda en que el sult\u00e1n sely\u00facida Tugrul nombrar\u00e1 a su heredero, recibe la noticia de que los bizantinos mataron a turcos inocentes, incluidos mujeres y ni\u00f1os.&nbsp;Ordena una expedici\u00f3n a Anatolia.&nbsp;Misteriosos asesinos atacan a los meliks sely\u00facidas que se fueron de campa\u00f1a.&nbsp;Las huellas del ataque llevan a&nbsp;Alparslan&nbsp;(Bar\u0131\u015f Ardu\u00e7) a un lugar que nunca esper\u00f3.&nbsp;Mientras Alparslan persigue a los asesinos, salva la vida de una ni\u00f1a turcomana llamada Ak\u00e7a Hatun (Fahriye Evcen), que escap\u00f3 de la persecuci\u00f3n bizantina.&nbsp;Sin embargo, desconoce los secretos que Ak\u00e7a esconde detr\u00e1s de su belleza&#8230;<\/p>\n<p><iframe loading=\"lazy\" src=\"https:\/\/xat.com\/embed\/chat.php#id=4752080&amp;gn=HOLA\" width=\"100%\" height=\"486\" frameborder=\"0\" scrolling=\"no\"><\/iframe><\/p>\n\n\n<!--nextpage-->\n\n\n\n<div style=\"position:relative;padding-bottom:56.25%;height:0;overflow:hidden;\">\n<iframe src=\"https:\/\/geo.dailymotion.com\/player.html?playlist=x7kzs8\"style=\"width:100%; height:100%; position:absolute; left:0px; top:0px; overflow:hidden; border:none;\"allowfullscreen=\"allowfullscreen\"allow=\"web-share\" sandbox=\"allow-scripts allow-same-origin allow-orientation-lock allow-presentation allow-top-navigation\"><\/iframe><\/div>\n\n\n\n<p>Las mas grandes y famosas historias para maravillarse, Siempre online con tecnologia antibloqueos y altamente optimizadas! x89zs3l Solo en PREMIUM<\/p>\n\n\n\n<figure class=\"wp-block-embed is-type-video is-provider-youtube wp-block-embed-youtube wp-embed-aspect-16-9 wp-has-aspect-ratio\">\n<div class=\"wp-block-embed__wrapper\"><iframe loading=\"lazy\" src=\"https:\/\/www.youtube-nocookie.com\/embed\/videoseries?list=PLds7A-mRMvNRy7TcnaJ6wxVAm1GqclvUF&amp;autoplay=1&amp;modestbranding=1&amp;loop=1&amp;rel=0\" width=\"100%\" height=\"200\" frameborder=\"0\" sandbox=\"allow-scripts allow-same-origin allow-orientation-lock allow-presentation allow-top-navigation\" allowfullscreen=\"allowfullscreen\"><\/iframe><\/div>\n<\/figure>\n\n\n\n<p><\/p>\n","protected":false},"excerpt":{"rendered":"<p>#Serie<\/p>\n","protected":false},"author":1,"featured_media":27813,"parent":0,"menu_order":0,"comment_status":"open","ping_status":"closed","template":"showcase.php","meta":{"footnotes":""},"class_list":["post-27812","page","type-page","status-publish","has-post-thumbnail","hentry"],"yoast_head":"<!-- This site is optimized with the Yoast SEO plugin v27.4 - https:\/\/yoast.com\/product\/yoast-seo-wordpress\/ -->\n<title>Sultan Alparslan espa\u00f1ol turco internacional Mas novelas<\/title>\n<meta name=\"description\" content=\"Sultan Alparslan espa\u00f1ol turcoSiguientes cap\u00edtulos Siguientes cap\u00edtulos Siguientes cap\u00edtulos Grupo para conversar Siguientes cap\u00edtulos #Serie Primeros pasos de Alparslan x7jyax Alp\" \/>\n<meta name=\"robots\" content=\"index, follow, max-snippet:-1, max-image-preview:large, max-video-preview:-1\" \/>\n<link rel=\"canonical\" href=\"https:\/\/ligamosya.com\/a\/sultan-alparslan-espanol-turco-internacional\/\" \/>\n<link rel=\"next\" href=\"https:\/\/ligamosya.com\/a\/sultan-alparslan-espanol-turco-internacional\/2\/\" \/>\n<meta property=\"og:locale\" content=\"en_US\" \/>\n<meta property=\"og:type\" content=\"article\" \/>\n<meta property=\"og:title\" content=\"Sultan Alparslan espa\u00f1ol turco internacional Mas novelas\" \/>\n<meta property=\"og:description\" content=\"Sultan Alparslan espa\u00f1ol turcoSiguientes cap\u00edtulos Siguientes cap\u00edtulos Siguientes cap\u00edtulos Grupo para conversar Siguientes cap\u00edtulos #Serie Primeros pasos de Alparslan x7jyax Alp\" \/>\n<meta property=\"og:url\" content=\"https:\/\/ligamosya.com\/a\/sultan-alparslan-espanol-turco-internacional\/\" \/>\n<meta property=\"og:site_name\" content=\"Ly mobile it&#039;s People&#039;s Internet Internet de las Personas\" \/>\n<meta property=\"article:publisher\" content=\"https:\/\/www.facebook.com\/groups\/Internetdelaspersonas\/\" \/>\n<meta property=\"article:modified_time\" content=\"2026-03-02T18:17:34+00:00\" \/>\n<meta property=\"og:image\" content=\"https:\/\/ligamosya.com\/a\/wp-content\/uploads\/2022\/08\/hqdefault-2.jpg\" \/>\n\t<meta property=\"og:image:width\" content=\"480\" \/>\n\t<meta property=\"og:image:height\" content=\"360\" \/>\n\t<meta property=\"og:image:type\" content=\"image\/jpeg\" \/>\n<meta name=\"twitter:card\" content=\"summary_large_image\" \/>\n<script type=\"application\/ld+json\" class=\"yoast-schema-graph\">{\"@context\":\"https:\\\/\\\/schema.org\",\"@graph\":[{\"@type\":\"WebPage\",\"@id\":\"https:\\\/\\\/ligamosya.com\\\/a\\\/sultan-alparslan-espanol-turco-internacional\\\/\",\"url\":\"https:\\\/\\\/ligamosya.com\\\/a\\\/sultan-alparslan-espanol-turco-internacional\\\/\",\"name\":\"Sultan Alparslan espa\u00f1ol turco internacional Mas novelas\",\"isPartOf\":{\"@id\":\"https:\\\/\\\/ligamosya.com\\\/a\\\/#website\"},\"primaryImageOfPage\":{\"@id\":\"https:\\\/\\\/ligamosya.com\\\/a\\\/sultan-alparslan-espanol-turco-internacional\\\/#primaryimage\"},\"image\":{\"@id\":\"https:\\\/\\\/ligamosya.com\\\/a\\\/sultan-alparslan-espanol-turco-internacional\\\/#primaryimage\"},\"thumbnailUrl\":\"https:\\\/\\\/ligamosya.com\\\/a\\\/wp-content\\\/uploads\\\/2022\\\/08\\\/hqdefault-2.jpg\",\"datePublished\":\"2022-08-04T13:12:00+00:00\",\"dateModified\":\"2026-03-02T18:17:34+00:00\",\"description\":\"Sultan Alparslan espa\u00f1ol turcoSiguientes cap\u00edtulos Siguientes cap\u00edtulos Siguientes cap\u00edtulos Grupo para conversar Siguientes cap\u00edtulos #Serie Primeros pasos de Alparslan x7jyax Alp\",\"inLanguage\":\"en-US\",\"potentialAction\":[{\"@type\":\"ReadAction\",\"target\":[\"https:\\\/\\\/ligamosya.com\\\/a\\\/sultan-alparslan-espanol-turco-internacional\\\/\"]}]},{\"@type\":\"ImageObject\",\"inLanguage\":\"en-US\",\"@id\":\"https:\\\/\\\/ligamosya.com\\\/a\\\/sultan-alparslan-espanol-turco-internacional\\\/#primaryimage\",\"url\":\"https:\\\/\\\/ligamosya.com\\\/a\\\/wp-content\\\/uploads\\\/2022\\\/08\\\/hqdefault-2.jpg\",\"contentUrl\":\"https:\\\/\\\/ligamosya.com\\\/a\\\/wp-content\\\/uploads\\\/2022\\\/08\\\/hqdefault-2.jpg\",\"width\":480,\"height\":360,\"caption\":\"Sultan Alparslan espa\u00f1ol turco\"},{\"@type\":\"WebSite\",\"@id\":\"https:\\\/\\\/ligamosya.com\\\/a\\\/#website\",\"url\":\"https:\\\/\\\/ligamosya.com\\\/a\\\/\",\"name\":\"Ly mobile it&#039;s People&#039;s Internet Internet de las Personas\",\"description\":\"T\u00fa estas en el mundo a todo lujo. You are in the world in luxury\",\"publisher\":{\"@id\":\"https:\\\/\\\/ligamosya.com\\\/a\\\/#organization\"},\"potentialAction\":[{\"@type\":\"SearchAction\",\"target\":{\"@type\":\"EntryPoint\",\"urlTemplate\":\"https:\\\/\\\/ligamosya.com\\\/a\\\/?s={search_term_string}\"},\"query-input\":{\"@type\":\"PropertyValueSpecification\",\"valueRequired\":true,\"valueName\":\"search_term_string\"}}],\"inLanguage\":\"en-US\"},{\"@type\":\"Organization\",\"@id\":\"https:\\\/\\\/ligamosya.com\\\/a\\\/#organization\",\"name\":\"Ly mobile\",\"url\":\"https:\\\/\\\/ligamosya.com\\\/a\\\/\",\"logo\":{\"@type\":\"ImageObject\",\"inLanguage\":\"en-US\",\"@id\":\"https:\\\/\\\/ligamosya.com\\\/a\\\/#\\\/schema\\\/logo\\\/image\\\/\",\"url\":\"https:\\\/\\\/ligamosya.com\\\/a\\\/wp-content\\\/uploads\\\/2019\\\/11\\\/2_win1.ico\",\"contentUrl\":\"https:\\\/\\\/ligamosya.com\\\/a\\\/wp-content\\\/uploads\\\/2019\\\/11\\\/2_win1.ico\",\"width\":32,\"height\":32,\"caption\":\"Ly mobile\"},\"image\":{\"@id\":\"https:\\\/\\\/ligamosya.com\\\/a\\\/#\\\/schema\\\/logo\\\/image\\\/\"},\"sameAs\":[\"https:\\\/\\\/www.facebook.com\\\/groups\\\/Internetdelaspersonas\\\/\",\"https:\\\/\\\/www.instagram.com\\\/ligamosya.com_partner\\\/?hl=es-la\",\"https:\\\/\\\/www.pinterest.com.mx\\\/billmayoii\\\/\",\"https:\\\/\\\/www.youtube.com\\\/channel\\\/UCk3UUsA6_PbjUs3kL1Qohsw\"]}]}<\/script>\n<!-- \/ Yoast SEO plugin. -->","yoast_head_json":{"title":"Sultan Alparslan espa\u00f1ol turco internacional Mas novelas","description":"Sultan Alparslan espa\u00f1ol turcoSiguientes cap\u00edtulos Siguientes cap\u00edtulos Siguientes cap\u00edtulos Grupo para conversar Siguientes cap\u00edtulos #Serie Primeros pasos de Alparslan x7jyax Alp","robots":{"index":"index","follow":"follow","max-snippet":"max-snippet:-1","max-image-preview":"max-image-preview:large","max-video-preview":"max-video-preview:-1"},"canonical":"https:\/\/ligamosya.com\/a\/sultan-alparslan-espanol-turco-internacional\/","next":"https:\/\/ligamosya.com\/a\/sultan-alparslan-espanol-turco-internacional\/2\/","og_locale":"en_US","og_type":"article","og_title":"Sultan Alparslan espa\u00f1ol turco internacional Mas novelas","og_description":"Sultan Alparslan espa\u00f1ol turcoSiguientes cap\u00edtulos Siguientes cap\u00edtulos Siguientes cap\u00edtulos Grupo para conversar Siguientes cap\u00edtulos #Serie Primeros pasos de Alparslan x7jyax Alp","og_url":"https:\/\/ligamosya.com\/a\/sultan-alparslan-espanol-turco-internacional\/","og_site_name":"Ly mobile it&#039;s People&#039;s Internet Internet de las Personas","article_publisher":"https:\/\/www.facebook.com\/groups\/Internetdelaspersonas\/","article_modified_time":"2026-03-02T18:17:34+00:00","og_image":[{"width":480,"height":360,"url":"https:\/\/ligamosya.com\/a\/wp-content\/uploads\/2022\/08\/hqdefault-2.jpg","type":"image\/jpeg"}],"twitter_card":"summary_large_image","schema":{"@context":"https:\/\/schema.org","@graph":[{"@type":"WebPage","@id":"https:\/\/ligamosya.com\/a\/sultan-alparslan-espanol-turco-internacional\/","url":"https:\/\/ligamosya.com\/a\/sultan-alparslan-espanol-turco-internacional\/","name":"Sultan Alparslan espa\u00f1ol turco internacional Mas novelas","isPartOf":{"@id":"https:\/\/ligamosya.com\/a\/#website"},"primaryImageOfPage":{"@id":"https:\/\/ligamosya.com\/a\/sultan-alparslan-espanol-turco-internacional\/#primaryimage"},"image":{"@id":"https:\/\/ligamosya.com\/a\/sultan-alparslan-espanol-turco-internacional\/#primaryimage"},"thumbnailUrl":"https:\/\/ligamosya.com\/a\/wp-content\/uploads\/2022\/08\/hqdefault-2.jpg","datePublished":"2022-08-04T13:12:00+00:00","dateModified":"2026-03-02T18:17:34+00:00","description":"Sultan Alparslan espa\u00f1ol turcoSiguientes cap\u00edtulos Siguientes cap\u00edtulos Siguientes cap\u00edtulos Grupo para conversar Siguientes cap\u00edtulos #Serie Primeros pasos de Alparslan x7jyax Alp","inLanguage":"en-US","potentialAction":[{"@type":"ReadAction","target":["https:\/\/ligamosya.com\/a\/sultan-alparslan-espanol-turco-internacional\/"]}]},{"@type":"ImageObject","inLanguage":"en-US","@id":"https:\/\/ligamosya.com\/a\/sultan-alparslan-espanol-turco-internacional\/#primaryimage","url":"https:\/\/ligamosya.com\/a\/wp-content\/uploads\/2022\/08\/hqdefault-2.jpg","contentUrl":"https:\/\/ligamosya.com\/a\/wp-content\/uploads\/2022\/08\/hqdefault-2.jpg","width":480,"height":360,"caption":"Sultan Alparslan espa\u00f1ol turco"},{"@type":"WebSite","@id":"https:\/\/ligamosya.com\/a\/#website","url":"https:\/\/ligamosya.com\/a\/","name":"Ly mobile it&#039;s People&#039;s Internet Internet de las Personas","description":"T\u00fa estas en el mundo a todo lujo. You are in the world in luxury","publisher":{"@id":"https:\/\/ligamosya.com\/a\/#organization"},"potentialAction":[{"@type":"SearchAction","target":{"@type":"EntryPoint","urlTemplate":"https:\/\/ligamosya.com\/a\/?s={search_term_string}"},"query-input":{"@type":"PropertyValueSpecification","valueRequired":true,"valueName":"search_term_string"}}],"inLanguage":"en-US"},{"@type":"Organization","@id":"https:\/\/ligamosya.com\/a\/#organization","name":"Ly mobile","url":"https:\/\/ligamosya.com\/a\/","logo":{"@type":"ImageObject","inLanguage":"en-US","@id":"https:\/\/ligamosya.com\/a\/#\/schema\/logo\/image\/","url":"https:\/\/ligamosya.com\/a\/wp-content\/uploads\/2019\/11\/2_win1.ico","contentUrl":"https:\/\/ligamosya.com\/a\/wp-content\/uploads\/2019\/11\/2_win1.ico","width":32,"height":32,"caption":"Ly mobile"},"image":{"@id":"https:\/\/ligamosya.com\/a\/#\/schema\/logo\/image\/"},"sameAs":["https:\/\/www.facebook.com\/groups\/Internetdelaspersonas\/","https:\/\/www.instagram.com\/ligamosya.com_partner\/?hl=es-la","https:\/\/www.pinterest.com.mx\/billmayoii\/","https:\/\/www.youtube.com\/channel\/UCk3UUsA6_PbjUs3kL1Qohsw"]}]}},"_links":{"self":[{"href":"https:\/\/ligamosya.com\/a\/wp-json\/wp\/v2\/pages\/27812","targetHints":{"allow":["GET"]}}],"collection":[{"href":"https:\/\/ligamosya.com\/a\/wp-json\/wp\/v2\/pages"}],"about":[{"href":"https:\/\/ligamosya.com\/a\/wp-json\/wp\/v2\/types\/page"}],"author":[{"embeddable":true,"href":"https:\/\/ligamosya.com\/a\/wp-json\/wp\/v2\/users\/1"}],"replies":[{"embeddable":true,"href":"https:\/\/ligamosya.com\/a\/wp-json\/wp\/v2\/comments?post=27812"}],"version-history":[{"count":0,"href":"https:\/\/ligamosya.com\/a\/wp-json\/wp\/v2\/pages\/27812\/revisions"}],"wp:featuredmedia":[{"embeddable":true,"href":"https:\/\/ligamosya.com\/a\/wp-json\/wp\/v2\/media\/27813"}],"wp:attachment":[{"href":"https:\/\/ligamosya.com\/a\/wp-json\/wp\/v2\/media?parent=27812"}],"curies":[{"name":"wp","href":"https:\/\/api.w.org\/{rel}","templated":true}]}}