{"id":27989,"date":"2023-01-02T03:28:09","date_gmt":"2023-01-02T03:28:09","guid":{"rendered":"https:\/\/ligamosya.com\/a\/?page_id=27989"},"modified":"2025-06-02T10:58:50","modified_gmt":"2025-06-02T10:58:50","slug":"your-music-tu-musica","status":"publish","type":"page","link":"https:\/\/ligamosya.com\/a\/your-music-tu-musica\/","title":{"rendered":"Your music T\u00fa m\u00fasica Ta musique Le tue canzoni \u0623\u063a\u0627\u0646\u064a\u0643 Suas m\u00fasicas"},"content":{"rendered":"\n<p class=\"has-text-align-center has-small-font-size\">Tus c\u00edrculos sociales musicales propios aparecen aqu\u00ed al igual que tus publicaciones musicales individuales.<\/p>\n\n\n\n<p class=\"has-background\" style=\"background-color:#f0f8ff\">Tienes que tener tus publicaciones con fotos &#8220;featured image&#8221; y haber marcado en categor\u00edas &#8220;radios&#8221; ademas todas tus publicaciones musicales haberlas marcado con un tag que habr\u00e1s creado exclusivamente para estas publicaciones. Enseguida en &#8220;+ New&#8221; en la barra de la parte superior de la pantalla elige &#8220;page&#8221;.  Selecciona el block &#8220;Query loop&#8221; luego &#8220;Start blank&#8221; &#8220;Image &amp;Title&#8221; selecciona imagen y enciende el dial &#8220;Link to post&#8221;, selecciona el titulo y enciende &#8220;Make title a link&#8221;&#8230;<\/p>\n\n\n\n<div data-wp-context=\"{}\" data-wp-interactive=\"core\/query\" data-wp-key=\"0\" data-wp-router-region=\"query-0\" class=\"wp-block-query is-layout-flow wp-block-query-is-layout-flow\"><ul class=\"columns-3 aligncenter wp-block-post-template is-layout-grid wp-container-core-post-template-is-layout-2fc57c17 wp-block-post-template-is-layout-grid\"><li data-wp-key=\"post-template-item-27112\" class=\"wp-block-post post-27112 post type-post status-publish format-standard has-post-thumbnail hentry category-radios category-social tag-musica tag-music tag-world\">\n<figure style=\"aspect-ratio:1;\" class=\"aligncenter wp-block-post-featured-image\"><a href=\"https:\/\/ligamosya.com\/a\/popular-songs-now\/\" target=\"_self\"  ><img loading=\"lazy\" decoding=\"async\" width=\"600\" height=\"288\" src=\"https:\/\/ligamosya.com\/a\/wp-content\/uploads\/2021\/07\/group-happy-fans-music-concert-600w-169992437-600x288.jpg\" class=\"attachment-post-thumbnail size-post-thumbnail wp-post-image\" alt=\"Popular songs now enjoy them!\" style=\"width:100%;height:100%;object-fit:cover;\" \/><\/a><\/figure>\n\n<h2 class=\"has-text-align-center wp-block-post-title\"><a href=\"https:\/\/ligamosya.com\/a\/popular-songs-now\/\" target=\"_self\" >Popular songs now enjoy them!<\/a><\/h2>\n<\/li><li data-wp-key=\"post-template-item-27114\" class=\"wp-block-post post-27114 post type-post status-publish format-standard has-post-thumbnail hentry category-radios category-social tag-musica tag-music tag-songs\">\n<figure style=\"aspect-ratio:1;\" class=\"aligncenter wp-block-post-featured-image\"><a href=\"https:\/\/ligamosya.com\/a\/most-popular-songs\/\" target=\"_self\"  ><img loading=\"lazy\" decoding=\"async\" width=\"1000\" height=\"288\" src=\"https:\/\/ligamosya.com\/a\/wp-content\/uploads\/2021\/07\/newFile-1-1000x288.jpg\" class=\"attachment-post-thumbnail size-post-thumbnail wp-post-image\" alt=\"Most Popular songs in US, UK\" style=\"width:100%;height:100%;object-fit:cover;\" \/><\/a><\/figure>\n\n<h2 class=\"has-text-align-center wp-block-post-title\"><a href=\"https:\/\/ligamosya.com\/a\/most-popular-songs\/\" target=\"_self\" >Most Popular songs in US, UK<\/a><\/h2>\n<\/li><li data-wp-key=\"post-template-item-26373\" class=\"wp-block-post post-26373 post type-post status-publish format-standard has-post-thumbnail hentry category-india category-radios tag-bollywood tag-movies tag-music tag-tracks\">\n<figure style=\"aspect-ratio:1;\" class=\"aligncenter wp-block-post-featured-image\"><a href=\"https:\/\/ligamosya.com\/a\/tseries\/\" target=\"_self\"  ><img loading=\"lazy\" decoding=\"async\" width=\"900\" height=\"288\" src=\"https:\/\/ligamosya.com\/a\/wp-content\/uploads\/2020\/03\/channels4_profile-e1649429447426-900x288.jpg\" class=\"attachment-post-thumbnail size-post-thumbnail wp-post-image\" alt=\"Tseries International India\" style=\"width:100%;height:100%;object-fit:cover;\" \/><\/a><\/figure>\n\n<h2 class=\"has-text-align-center wp-block-post-title\"><a href=\"https:\/\/ligamosya.com\/a\/tseries\/\" target=\"_self\" >Tseries International India<\/a><\/h2>\n<\/li><li data-wp-key=\"post-template-item-1505\" class=\"wp-block-post post-1505 post type-post status-publish format-standard has-post-thumbnail hentry category-italia-san-marino category-radios tag-baile tag-ballare tag-coronavirus tag-musica tag-music\">\n<figure style=\"aspect-ratio:1;\" class=\"aligncenter wp-block-post-featured-image\"><a href=\"https:\/\/ligamosya.com\/a\/italia-italianos-radio-social-italy\/\" target=\"_self\"  ><img loading=\"lazy\" decoding=\"async\" width=\"1000\" height=\"288\" src=\"https:\/\/ligamosya.com\/a\/wp-content\/uploads\/2019\/08\/escuchar-musica-para-la-salud-e1649388678391-1000x288.jpg\" class=\"attachment-post-thumbnail size-post-thumbnail wp-post-image\" alt=\"Italia Italianos Radio social Italy\" style=\"width:100%;height:100%;object-fit:cover;\" \/><\/a><\/figure>\n\n<h2 class=\"has-text-align-center wp-block-post-title\"><a href=\"https:\/\/ligamosya.com\/a\/italia-italianos-radio-social-italy\/\" target=\"_self\" ><h6>Italia Italianos Radio social Italy<\/h6><\/a><\/h2>\n<\/li><li data-wp-key=\"post-template-item-385\" class=\"wp-block-post post-385 post type-post status-publish format-standard has-post-thumbnail hentry category-mexico category-radios category-united-states tag-discusion tag-music tag-radios tag-video\">\n<figure style=\"aspect-ratio:1;\" class=\"aligncenter wp-block-post-featured-image\"><a href=\"https:\/\/ligamosya.com\/a\/radio-social-en-espanol\/\" target=\"_self\"  ><img loading=\"lazy\" decoding=\"async\" width=\"1000\" height=\"288\" src=\"https:\/\/ligamosya.com\/a\/wp-content\/uploads\/2019\/12\/maxresdefault-1000x288.jpg\" class=\"attachment-post-thumbnail size-post-thumbnail wp-post-image\" alt=\"Radio social + viral video\" style=\"width:100%;height:100%;object-fit:cover;\" \/><\/a><\/figure>\n\n<h2 class=\"has-text-align-center wp-block-post-title\"><a href=\"https:\/\/ligamosya.com\/a\/radio-social-en-espanol\/\" target=\"_self\" >Radio social + viral video<\/a><\/h2>\n<\/li><li data-wp-key=\"post-template-item-129\" class=\"wp-block-post post-129 post type-post status-publish format-standard has-post-thumbnail hentry category-radios category-social tag-music tag-pop tag-songs\">\n<figure style=\"aspect-ratio:1;\" class=\"aligncenter wp-block-post-featured-image\"><a href=\"https:\/\/ligamosya.com\/a\/pop-populares-music\/\" target=\"_self\"  ><img loading=\"lazy\" decoding=\"async\" width=\"275\" height=\"183\" src=\"https:\/\/ligamosya.com\/a\/wp-content\/uploads\/2019\/05\/descarga-6.jpg\" class=\"attachment-post-thumbnail size-post-thumbnail wp-post-image\" alt=\"Pop Populares Music atemporal\" style=\"width:100%;height:100%;object-fit:cover;\" \/><\/a><\/figure>\n\n<h2 class=\"has-text-align-center wp-block-post-title\"><a href=\"https:\/\/ligamosya.com\/a\/pop-populares-music\/\" target=\"_self\" >Pop Populares Music atemporal<\/a><\/h2>\n<\/li><li data-wp-key=\"post-template-item-27066\" class=\"wp-block-post post-27066 post type-post status-publish format-standard has-post-thumbnail hentry category-radios category-social tag-melody tag-musica tag-music\">\n<figure style=\"aspect-ratio:1;\" class=\"aligncenter wp-block-post-featured-image\"><a href=\"https:\/\/ligamosya.com\/a\/popular-music\/\" target=\"_self\"  ><img loading=\"lazy\" decoding=\"async\" width=\"188\" height=\"269\" src=\"https:\/\/ligamosya.com\/a\/wp-content\/uploads\/2021\/07\/descarga-3.jpg\" class=\"attachment-post-thumbnail size-post-thumbnail wp-post-image\" alt=\"Popular music Automatic! Now!\" style=\"width:100%;height:100%;object-fit:cover;\" \/><\/a><\/figure>\n\n<h2 class=\"has-text-align-center wp-block-post-title\"><a href=\"https:\/\/ligamosya.com\/a\/popular-music\/\" target=\"_self\" >Popular music Automatic! Now!<\/a><\/h2>\n<\/li><li data-wp-key=\"post-template-item-23\" class=\"wp-block-post post-23 post type-post status-publish format-image has-post-thumbnail hentry category-countries category-arabia-catar-dubai category-argentina category-australia category-bahrain--baherein category-brasil category-brunei category-canada category-chile category-colombia category-danmark-dinamarca category-deutschland-germany-alemania category-espana category-finland-suomi category-france-francia category-india category-ireland-eire category-italia-san-marino category-japan category-la-belgique-belgien category-luxembourg category-macau- category-mexico category-nederland-paises-bajos category-new-zealand category-norway-noruega category-osterreich-austria category-uncategorized category-peru category-portugal category-radios category-schweiz-switzerland category-sekarang-brunei category-social category-sverige-sweden-suecia category-u-k-inglaterra category-united-states category-venezuela category-rusia category--kuwait tag-amor tag-el-vevo tag-music tag-risas post_format-post-format-image\">\n<figure style=\"aspect-ratio:1;\" class=\"aligncenter wp-block-post-featured-image\"><a href=\"https:\/\/ligamosya.com\/a\/bienvenido-al-mundo\/\" target=\"_self\"  ><img loading=\"lazy\" decoding=\"async\" width=\"1000\" height=\"288\" src=\"https:\/\/ligamosya.com\/a\/wp-content\/uploads\/2019\/12\/EI92IbLWoAE5dYa-1000x288.jpg\" class=\"attachment-post-thumbnail size-post-thumbnail wp-post-image\" alt=\"IMPORTANT: Before starting you must meet these requirements\" style=\"width:100%;height:100%;object-fit:cover;\" \/><\/a><\/figure>\n\n<h2 class=\"has-text-align-center wp-block-post-title\"><a href=\"https:\/\/ligamosya.com\/a\/bienvenido-al-mundo\/\" target=\"_self\" ><p align=center>IMPORTANT: Before starting you must meet these requirements<\/p><\/a><\/h2>\n<\/li><li data-wp-key=\"post-template-item-27103\" class=\"wp-block-post post-27103 post type-post status-publish format-standard has-post-thumbnail hentry category-radios category-social tag-musica tag-music tag-people\">\n<figure style=\"aspect-ratio:1;\" class=\"aligncenter wp-block-post-featured-image\"><a href=\"https:\/\/ligamosya.com\/a\/top-world-music\/\" target=\"_self\"  ><img loading=\"lazy\" decoding=\"async\" width=\"1000\" height=\"288\" src=\"https:\/\/ligamosya.com\/a\/wp-content\/uploads\/2021\/07\/29848643246_941e8b54b1_b-e1649427633520-1000x288.jpg\" class=\"attachment-post-thumbnail size-post-thumbnail wp-post-image\" alt=\"Top World music Now! Social happy\" style=\"width:100%;height:100%;object-fit:cover;\" \/><\/a><\/figure>\n\n<h2 class=\"has-text-align-center wp-block-post-title\"><a href=\"https:\/\/ligamosya.com\/a\/top-world-music\/\" target=\"_self\" >Top World music Now! Social happy<\/a><\/h2>\n<\/li><\/ul>\n\n<nav style=\"background-color:#f0f8ff; font-style:normal;font-weight:700;text-decoration:underline;\" class=\"wp-block-query-pagination has-background is-content-justification-center is-layout-flex wp-container-core-query-pagination-is-layout-16018d1d wp-block-query-pagination-is-layout-flex\" aria-label=\"Pagination\">\n<div class=\"wp-block-query-pagination-numbers\"><span data-wp-key=\"index-0\" aria-current=\"page\" class=\"page-numbers current\">1<\/span>\n<a data-wp-key=\"index-1\" data-wp-on--click=\"core\/query::actions.navigate\" class=\"page-numbers\" href=\"?query-0-page=2\">2<\/a><\/div>\n\n<a data-wp-key=\"query-pagination-next\" data-wp-on--click=\"core\/query::actions.navigate\" data-wp-on--mouseenter=\"core\/query::actions.prefetch\" data-wp-watch=\"core\/query::callbacks.prefetch\" href=\"\/a\/wp-json\/wp\/v2\/pages\/27989?query-0-page=2\" class=\"wp-block-query-pagination-next\">EXPLORER EXPLORAR<\/a>\n<\/nav><\/div>\n\n\n\n<p class=\"has-background\" style=\"background-color:#f0f8ff\"><strong>Da clic en el icono de query loop (letra &#8220;s&#8221; horizontal), inmediatamente en Settings (icono de engranaje) &#8220;block&#8221; y en &#8220;Filters&#8221; escribe en el recuadro &#8220;TAGS&#8221; tu tag de tus publicaciones de m\u00fasicas. Puedes indicar el numero de publicaciones que quieres que se muestren en tu pagina de m\u00fasica en el men\u00fa propio de este bloque &#8220;Display settings&#8221; &#8220;ITEMS PER PAGE&#8221;.  &#8220;Grid view&#8221; se prefiere para que se muestren en vista de cuadricula.<\/strong><\/p>\n","protected":false},"excerpt":{"rendered":"<p>Tus c\u00edrculos sociales musicales propios aparecen aqu\u00ed al igual que tus publicaciones musicales individuales. Tienes que tener tus publicaciones con fotos &#8220;featured image&#8221; y haber marcado en categor\u00edas &#8220;radios&#8221; ademas todas tus publicaciones musicales haberlas marcado con un tag que &hellip; <a href=\"https:\/\/ligamosya.com\/a\/your-music-tu-musica\/\">Continue reading <span class=\"meta-nav\">&rarr;<\/span><\/a><\/p>\n","protected":false},"author":1,"featured_media":27992,"parent":0,"menu_order":0,"comment_status":"open","ping_status":"closed","template":"showcase.php","meta":{"footnotes":""},"class_list":["post-27989","page","type-page","status-publish","has-post-thumbnail","hentry"],"yoast_head":"<!-- This site is optimized with the Yoast SEO plugin v27.4 - https:\/\/yoast.com\/product\/yoast-seo-wordpress\/ -->\n<title>Your music T\u00fa m\u00fasica Ta musique Le tue canzoni \u0623\u063a\u0627\u0646\u064a\u0643<\/title>\n<meta name=\"description\" content=\"Tus c\u00edrculos sociales musicales propios aparecen aqu\u00ed al igual que tus publicaciones musicales individuales. Tienes que tener tus publicaciones con fotos\" \/>\n<meta name=\"robots\" content=\"index, follow, max-snippet:-1, max-image-preview:large, max-video-preview:-1\" \/>\n<link rel=\"canonical\" href=\"https:\/\/ligamosya.com\/a\/your-music-tu-musica\/\" \/>\n<link rel=\"next\" href=\"https:\/\/ligamosya.com\/a\/your-music-tu-musica\/27989?query-0-page=2\" \/>\n<meta property=\"og:locale\" content=\"en_US\" \/>\n<meta property=\"og:type\" content=\"article\" \/>\n<meta property=\"og:title\" content=\"Your music T\u00fa m\u00fasica Ta musique Le tue canzoni \u0623\u063a\u0627\u0646\u064a\u0643\" \/>\n<meta property=\"og:description\" content=\"Tus c\u00edrculos sociales musicales propios aparecen aqu\u00ed al igual que tus publicaciones musicales individuales. Tienes que tener tus publicaciones con fotos\" \/>\n<meta property=\"og:url\" content=\"https:\/\/ligamosya.com\/a\/your-music-tu-musica\/\" \/>\n<meta property=\"og:site_name\" content=\"Ly mobile it&#039;s People&#039;s Internet Internet de las Personas\" \/>\n<meta property=\"article:publisher\" content=\"https:\/\/www.facebook.com\/groups\/Internetdelaspersonas\/\" \/>\n<meta property=\"article:modified_time\" content=\"2025-06-02T10:58:50+00:00\" \/>\n<meta property=\"og:image\" content=\"https:\/\/ligamosya.com\/a\/wp-content\/uploads\/2023\/01\/1623200.entity-e1672637942727.jpg\" \/>\n\t<meta property=\"og:image:width\" content=\"480\" \/>\n\t<meta property=\"og:image:height\" content=\"444\" \/>\n\t<meta property=\"og:image:type\" content=\"image\/jpeg\" \/>\n<meta name=\"twitter:card\" content=\"summary_large_image\" \/>\n<script type=\"application\/ld+json\" class=\"yoast-schema-graph\">{\"@context\":\"https:\\\/\\\/schema.org\",\"@graph\":[{\"@type\":\"WebPage\",\"@id\":\"https:\\\/\\\/ligamosya.com\\\/a\\\/your-music-tu-musica\\\/\",\"url\":\"https:\\\/\\\/ligamosya.com\\\/a\\\/your-music-tu-musica\\\/\",\"name\":\"Your music T\u00fa m\u00fasica Ta musique Le tue canzoni \u0623\u063a\u0627\u0646\u064a\u0643\",\"isPartOf\":{\"@id\":\"https:\\\/\\\/ligamosya.com\\\/a\\\/#website\"},\"primaryImageOfPage\":{\"@id\":\"https:\\\/\\\/ligamosya.com\\\/a\\\/your-music-tu-musica\\\/#primaryimage\"},\"image\":{\"@id\":\"https:\\\/\\\/ligamosya.com\\\/a\\\/your-music-tu-musica\\\/#primaryimage\"},\"thumbnailUrl\":\"https:\\\/\\\/ligamosya.com\\\/a\\\/wp-content\\\/uploads\\\/2023\\\/01\\\/1623200.entity-e1672637942727.jpg\",\"datePublished\":\"2023-01-02T03:28:09+00:00\",\"dateModified\":\"2025-06-02T10:58:50+00:00\",\"description\":\"Tus c\u00edrculos sociales musicales propios aparecen aqu\u00ed al igual que tus publicaciones musicales individuales. Tienes que tener tus publicaciones con fotos\",\"breadcrumb\":{\"@id\":\"https:\\\/\\\/ligamosya.com\\\/a\\\/your-music-tu-musica\\\/#breadcrumb\"},\"inLanguage\":\"en-US\",\"potentialAction\":[{\"@type\":\"ReadAction\",\"target\":[\"https:\\\/\\\/ligamosya.com\\\/a\\\/your-music-tu-musica\\\/\"]}]},{\"@type\":\"ImageObject\",\"inLanguage\":\"en-US\",\"@id\":\"https:\\\/\\\/ligamosya.com\\\/a\\\/your-music-tu-musica\\\/#primaryimage\",\"url\":\"https:\\\/\\\/ligamosya.com\\\/a\\\/wp-content\\\/uploads\\\/2023\\\/01\\\/1623200.entity-e1672637942727.jpg\",\"contentUrl\":\"https:\\\/\\\/ligamosya.com\\\/a\\\/wp-content\\\/uploads\\\/2023\\\/01\\\/1623200.entity-e1672637942727.jpg\",\"width\":480,\"height\":444,\"caption\":\"Your music T\u00fa m\u00fasica\"},{\"@type\":\"BreadcrumbList\",\"@id\":\"https:\\\/\\\/ligamosya.com\\\/a\\\/your-music-tu-musica\\\/#breadcrumb\",\"itemListElement\":[{\"@type\":\"ListItem\",\"position\":1,\"name\":\"Home\",\"item\":\"https:\\\/\\\/ligamosya.com\\\/a\\\/\"},{\"@type\":\"ListItem\",\"position\":2,\"name\":\"Your music T\u00fa m\u00fasica Ta musique Le tue canzoni \u0623\u063a\u0627\u0646\u064a\u0643 Suas m\u00fasicas\"}]},{\"@type\":\"WebSite\",\"@id\":\"https:\\\/\\\/ligamosya.com\\\/a\\\/#website\",\"url\":\"https:\\\/\\\/ligamosya.com\\\/a\\\/\",\"name\":\"Ly mobile it&#039;s People&#039;s Internet Internet de las Personas\",\"description\":\"T\u00fa estas en el mundo a todo lujo. You are in the world in luxury\",\"publisher\":{\"@id\":\"https:\\\/\\\/ligamosya.com\\\/a\\\/#organization\"},\"potentialAction\":[{\"@type\":\"SearchAction\",\"target\":{\"@type\":\"EntryPoint\",\"urlTemplate\":\"https:\\\/\\\/ligamosya.com\\\/a\\\/?s={search_term_string}\"},\"query-input\":{\"@type\":\"PropertyValueSpecification\",\"valueRequired\":true,\"valueName\":\"search_term_string\"}}],\"inLanguage\":\"en-US\"},{\"@type\":\"Organization\",\"@id\":\"https:\\\/\\\/ligamosya.com\\\/a\\\/#organization\",\"name\":\"Ly mobile\",\"url\":\"https:\\\/\\\/ligamosya.com\\\/a\\\/\",\"logo\":{\"@type\":\"ImageObject\",\"inLanguage\":\"en-US\",\"@id\":\"https:\\\/\\\/ligamosya.com\\\/a\\\/#\\\/schema\\\/logo\\\/image\\\/\",\"url\":\"https:\\\/\\\/ligamosya.com\\\/a\\\/wp-content\\\/uploads\\\/2019\\\/11\\\/2_win1.ico\",\"contentUrl\":\"https:\\\/\\\/ligamosya.com\\\/a\\\/wp-content\\\/uploads\\\/2019\\\/11\\\/2_win1.ico\",\"width\":32,\"height\":32,\"caption\":\"Ly mobile\"},\"image\":{\"@id\":\"https:\\\/\\\/ligamosya.com\\\/a\\\/#\\\/schema\\\/logo\\\/image\\\/\"},\"sameAs\":[\"https:\\\/\\\/www.facebook.com\\\/groups\\\/Internetdelaspersonas\\\/\",\"https:\\\/\\\/www.instagram.com\\\/ligamosya.com_partner\\\/?hl=es-la\",\"https:\\\/\\\/www.pinterest.com.mx\\\/billmayoii\\\/\",\"https:\\\/\\\/www.youtube.com\\\/channel\\\/UCk3UUsA6_PbjUs3kL1Qohsw\"]}]}<\/script>\n<!-- \/ Yoast SEO plugin. -->","yoast_head_json":{"title":"Your music T\u00fa m\u00fasica Ta musique Le tue canzoni \u0623\u063a\u0627\u0646\u064a\u0643","description":"Tus c\u00edrculos sociales musicales propios aparecen aqu\u00ed al igual que tus publicaciones musicales individuales. Tienes que tener tus publicaciones con fotos","robots":{"index":"index","follow":"follow","max-snippet":"max-snippet:-1","max-image-preview":"max-image-preview:large","max-video-preview":"max-video-preview:-1"},"canonical":"https:\/\/ligamosya.com\/a\/your-music-tu-musica\/","next":"https:\/\/ligamosya.com\/a\/your-music-tu-musica\/27989?query-0-page=2","og_locale":"en_US","og_type":"article","og_title":"Your music T\u00fa m\u00fasica Ta musique Le tue canzoni \u0623\u063a\u0627\u0646\u064a\u0643","og_description":"Tus c\u00edrculos sociales musicales propios aparecen aqu\u00ed al igual que tus publicaciones musicales individuales. Tienes que tener tus publicaciones con fotos","og_url":"https:\/\/ligamosya.com\/a\/your-music-tu-musica\/","og_site_name":"Ly mobile it&#039;s People&#039;s Internet Internet de las Personas","article_publisher":"https:\/\/www.facebook.com\/groups\/Internetdelaspersonas\/","article_modified_time":"2025-06-02T10:58:50+00:00","og_image":[{"width":480,"height":444,"url":"https:\/\/ligamosya.com\/a\/wp-content\/uploads\/2023\/01\/1623200.entity-e1672637942727.jpg","type":"image\/jpeg"}],"twitter_card":"summary_large_image","schema":{"@context":"https:\/\/schema.org","@graph":[{"@type":"WebPage","@id":"https:\/\/ligamosya.com\/a\/your-music-tu-musica\/","url":"https:\/\/ligamosya.com\/a\/your-music-tu-musica\/","name":"Your music T\u00fa m\u00fasica Ta musique Le tue canzoni \u0623\u063a\u0627\u0646\u064a\u0643","isPartOf":{"@id":"https:\/\/ligamosya.com\/a\/#website"},"primaryImageOfPage":{"@id":"https:\/\/ligamosya.com\/a\/your-music-tu-musica\/#primaryimage"},"image":{"@id":"https:\/\/ligamosya.com\/a\/your-music-tu-musica\/#primaryimage"},"thumbnailUrl":"https:\/\/ligamosya.com\/a\/wp-content\/uploads\/2023\/01\/1623200.entity-e1672637942727.jpg","datePublished":"2023-01-02T03:28:09+00:00","dateModified":"2025-06-02T10:58:50+00:00","description":"Tus c\u00edrculos sociales musicales propios aparecen aqu\u00ed al igual que tus publicaciones musicales individuales. Tienes que tener tus publicaciones con fotos","breadcrumb":{"@id":"https:\/\/ligamosya.com\/a\/your-music-tu-musica\/#breadcrumb"},"inLanguage":"en-US","potentialAction":[{"@type":"ReadAction","target":["https:\/\/ligamosya.com\/a\/your-music-tu-musica\/"]}]},{"@type":"ImageObject","inLanguage":"en-US","@id":"https:\/\/ligamosya.com\/a\/your-music-tu-musica\/#primaryimage","url":"https:\/\/ligamosya.com\/a\/wp-content\/uploads\/2023\/01\/1623200.entity-e1672637942727.jpg","contentUrl":"https:\/\/ligamosya.com\/a\/wp-content\/uploads\/2023\/01\/1623200.entity-e1672637942727.jpg","width":480,"height":444,"caption":"Your music T\u00fa m\u00fasica"},{"@type":"BreadcrumbList","@id":"https:\/\/ligamosya.com\/a\/your-music-tu-musica\/#breadcrumb","itemListElement":[{"@type":"ListItem","position":1,"name":"Home","item":"https:\/\/ligamosya.com\/a\/"},{"@type":"ListItem","position":2,"name":"Your music T\u00fa m\u00fasica Ta musique Le tue canzoni \u0623\u063a\u0627\u0646\u064a\u0643 Suas m\u00fasicas"}]},{"@type":"WebSite","@id":"https:\/\/ligamosya.com\/a\/#website","url":"https:\/\/ligamosya.com\/a\/","name":"Ly mobile it&#039;s People&#039;s Internet Internet de las Personas","description":"T\u00fa estas en el mundo a todo lujo. You are in the world in luxury","publisher":{"@id":"https:\/\/ligamosya.com\/a\/#organization"},"potentialAction":[{"@type":"SearchAction","target":{"@type":"EntryPoint","urlTemplate":"https:\/\/ligamosya.com\/a\/?s={search_term_string}"},"query-input":{"@type":"PropertyValueSpecification","valueRequired":true,"valueName":"search_term_string"}}],"inLanguage":"en-US"},{"@type":"Organization","@id":"https:\/\/ligamosya.com\/a\/#organization","name":"Ly mobile","url":"https:\/\/ligamosya.com\/a\/","logo":{"@type":"ImageObject","inLanguage":"en-US","@id":"https:\/\/ligamosya.com\/a\/#\/schema\/logo\/image\/","url":"https:\/\/ligamosya.com\/a\/wp-content\/uploads\/2019\/11\/2_win1.ico","contentUrl":"https:\/\/ligamosya.com\/a\/wp-content\/uploads\/2019\/11\/2_win1.ico","width":32,"height":32,"caption":"Ly mobile"},"image":{"@id":"https:\/\/ligamosya.com\/a\/#\/schema\/logo\/image\/"},"sameAs":["https:\/\/www.facebook.com\/groups\/Internetdelaspersonas\/","https:\/\/www.instagram.com\/ligamosya.com_partner\/?hl=es-la","https:\/\/www.pinterest.com.mx\/billmayoii\/","https:\/\/www.youtube.com\/channel\/UCk3UUsA6_PbjUs3kL1Qohsw"]}]}},"_links":{"self":[{"href":"https:\/\/ligamosya.com\/a\/wp-json\/wp\/v2\/pages\/27989","targetHints":{"allow":["GET"]}}],"collection":[{"href":"https:\/\/ligamosya.com\/a\/wp-json\/wp\/v2\/pages"}],"about":[{"href":"https:\/\/ligamosya.com\/a\/wp-json\/wp\/v2\/types\/page"}],"author":[{"embeddable":true,"href":"https:\/\/ligamosya.com\/a\/wp-json\/wp\/v2\/users\/1"}],"replies":[{"embeddable":true,"href":"https:\/\/ligamosya.com\/a\/wp-json\/wp\/v2\/comments?post=27989"}],"version-history":[{"count":0,"href":"https:\/\/ligamosya.com\/a\/wp-json\/wp\/v2\/pages\/27989\/revisions"}],"wp:featuredmedia":[{"embeddable":true,"href":"https:\/\/ligamosya.com\/a\/wp-json\/wp\/v2\/media\/27992"}],"wp:attachment":[{"href":"https:\/\/ligamosya.com\/a\/wp-json\/wp\/v2\/media?parent=27989"}],"curies":[{"name":"wp","href":"https:\/\/api.w.org\/{rel}","templated":true}]}}