{"id":28136,"date":"2023-04-22T23:39:46","date_gmt":"2023-04-22T23:39:46","guid":{"rendered":"https:\/\/ligamosya.com\/a\/?page_id=28136"},"modified":"2026-01-02T13:56:59","modified_gmt":"2026-01-02T13:56:59","slug":"exponiendo-a-creature-esta-pudriendose","status":"publish","type":"page","link":"https:\/\/ligamosya.com\/a\/exponiendo-a-creature-esta-pudriendose\/","title":{"rendered":"Exponiendo a creature (esta pudri\u00e9ndose)"},"content":{"rendered":"\n<p>Exponiendo creature pudri\u00e9ndose rapidamente. Salto contento al autob\u00fas del metro porque ya se estaba llenando. No me dio tiempo de mirar su letrero frontal, por si acaso, y le pregunto as\u00ed a una &#8220;\u00f1ora&#8221;, bueno, esta se me queda mirando con cara de odio y sin abrir la boca. Yo me ri\u00f3, &#8220;creature le esta manejando el cerebro&#8221; mas me re\u00ed y  #creature mas miro con mas odio. Pobre diablo es creature.<\/p>\n\n\n\n<p>Exponiendo creature pudri\u00e9ndose rapidamente: Las pasmadas los pasmados. Estoy platicandole creyendo que es un ser humano y se queda como ido sin opinar, pero es mas en ocasiones con maromas defiende al maleante, acertaste es creature. #InfiernoEnMorena<\/p>\n\n\n\n<div class=\"video-container\"><iframe loading=\"lazy\" src=\"https:\/\/www.youtube.com\/embed\/videoseries?autoplay=1&amp;rel=0&amp;loop=1&amp;list=PLnWQSmmSLeNoW-7nGU1FV-Xe6SOSPAWsa\" width=\"100%\" height=\"200\" frameborder=\"0\" allow=\"accelerometer; autoplay; clipboard-write; encrypted-media; gyroscope; picture-in-picture; web-share\" sandbox=\"allow-scripts allow-same-origin allow-orientation-lock allow-presentation allow-top-navigation\" allowfullscreen=\"allowfullscreen\"><\/iframe><\/div>\n\n\n\n<p>Exponiendo creature pudri\u00e9ndose rapidamente: Un ser que se ve viejo mas que yo que tengo mas a\u00f1os que he vivido en esta tierra. Mientras este hablador parece un anciano de 95 a\u00f1os. Se la vive vociferando toneladas de mentiras, dice que son honestos casi santos. Y desde siempre se le han descubierto corrupciones. Este es el Cinismo extremo.de creature.<\/p>\n\n\n\n<div class=\"wp-block-cover aligncenter is-light has-custom-content-position is-position-top-center\"><img decoding=\"async\" class=\"wp-block-cover__image-background\" alt=\"\" src=\"https:\/\/xpectrofm.com\/wp-content\/uploads\/2023\/10\/image-7-20.jpg\" style=\"object-position:30% 58%\" data-object-fit=\"cover\" data-object-position=\"30% 58%\"\/><span aria-hidden=\"true\" class=\"wp-block-cover__background has-background-dim\"><\/span><div class=\"wp-block-cover__inner-container is-layout-flow wp-block-cover-is-layout-flow\">\n<p class=\"has-text-align-center has-white-color has-text-color has-large-font-size\">Emergencias de vida y lo primero el color morenista y apropiacion de ayuda ciudadana.<\/p>\n<\/div><\/div>\n\n\n\n<h2 class=\"wp-block-heading has-text-align-center\">Exponiendo creature pudri\u00e9ndose rapidamente: Acapulco Guerrero clama y no se le ha visto ni en pintura a ya sabes quien<\/h2>\n\n\n\n<div class=\"video-container\"><iframe loading=\"lazy\" src=\"https:\/\/www.youtube-nocookie.com\/embed\/videoseries?list=UULFIpAsHCUzRFQZzIleHPdQyA&amp;autoplay=1&amp;start=2&amp;modestbranding=1&amp;loop=1&amp;rel=0\" width=\"100%\" height=\"200\" frameborder=\"0\" sandbox=\"allow-scripts allow-same-origin allow-orientation-lock allow-presentation allow-top-navigation\" allowfullscreen=\"allowfullscreen\"><\/iframe><\/div>\n\n\n\n<p class=\"has-black-color has-text-color has-background has-link-color wp-elements-28c8e1d53d311d0b88e5bc9d3e807383\" style=\"background-color:#fc0000c2\"><strong>En M\u00e9xico en sucesivos desastres climaticos se miro que al dia siguiente llegaba a la zona toda una gigantesca ayuda simultanea.  Tanto de viveres, alimentos, maquinaria pesada y de todo tipo para desasolvar y transportar los restos y basura. De manera que era impresionante que al cuarto o quinto dia, aquello apenas podria notarse que sufrio estragos y la movilidad casi era normal, los negocios y actividades estaban aceleradamente retornando a la normalidad. Aquello era posible gracias al plan DN3\/FONDEN. \u00bfQue miramos ahora? \u00bfDonde estan las maquinarias y los recursos?<\/strong><\/p>\n\n\n\n<p>Exponiendo creature pudri\u00e9ndose rapidamente: \u00bfTe gustan las pel\u00edculas de terror? Si es as\u00ed, seguro que te has preguntado alguna vez c\u00f3mo se crean las criaturas que aparecen en ellas. En este post te voy a contar algunos secretos de los efectos especiales que dan vida a estos monstruos.<\/p>\n\n\n\n<div class=\"video-container\"><iframe loading=\"lazy\" src=\"https:\/\/www.youtube.com\/embed\/videoseries?list=UULFzQ3cQ_BKk52gNop3PjmNIw&amp;autoplay=1&amp;start=4&#038;modestbranding=1&amp;loop=1&amp;rel=0\" width=\"100%\" height=\"200\" frameborder=\"0\" allow=\"accelerometer; clipboard-write; encrypted-media; gyroscope; picture-in-picture; web-share\" sandbox=\"allow-scripts allow-same-origin allow-orientation-lock allow-presentation allow-top-navigation\" allowfullscreen=\"allowfullscreen\"><\/iframe><\/div>\n\n\n\n<h2 class=\"wp-block-heading\">Exponiendo creature pudri\u00e9ndose rapidamente. Existen diferentes t\u00e9cnicas para crear criaturas en el cine de terror. Desde el maquillaje y las pr\u00f3tesis hasta el uso de animatr\u00f3nicos y CGI (im\u00e1genes generadas por computadora). Veamos algunos ejemplos de cada una.<\/h2>\n\n\n\n<p>El maquillaje y las pr\u00f3tesis son los m\u00e9todos m\u00e1s tradicionales y se basan en aplicar productos cosm\u00e9ticos y piezas de l\u00e1tex o silicona sobre el rostro y el cuerpo de los actores para transformar su apariencia. Algunas pel\u00edculas que han usado esta t\u00e9cnica son El exorcista, La noche de los muertos vivientes o El laberinto del fauno.<\/p>\n\n\n\n<p>Los animatr\u00f3nicos son dispositivos mec\u00e1nicos que imitan los movimientos de los seres vivos. Se suelen utilizar para crear criaturas de gran tama\u00f1o o complejidad que no podr\u00edan ser interpretadas por actores. Algunas pel\u00edculas que han usado esta t\u00e9cnica son Jurassic Park, Alien o Gremlins.<\/p>\n\n\n\n<p>El CGI es la t\u00e9cnica m\u00e1s moderna y consiste en crear im\u00e1genes digitales mediante programas inform\u00e1ticos. Se suele utilizar para crear criaturas que no existen en la realidad o que son muy dif\u00edciles de recrear con otros m\u00e9todos. Algunas <a href=\"https:\/\/www.sensacine.com\/peliculas\/\">pel\u00edculas<\/a> que han usado esta t\u00e9cnica son Avatar, El se\u00f1or de los anillos o La forma del agua. <a href=\"https:\/\/ligamosya.com\/a\/tv-series-novelas-estrenos\/\">TV Series Novelas Estrenos Mx LATAM<\/a> <a href=\"https:\/\/ligamosya.com\/a\/mx-banda\/\">Mx Banda Serv. publ Puebla <\/a><a href=\"https:\/\/ligamosya.com\/a\/filmes-mexicanos-amigos-familia\/\">Sala de cine Mexicano Rancheras Comedia<\/a>. <a href=\"https:\/\/ligamosya.com\/a\/progresistas-comunistas-cuba-sos\/\">Progresistas comunistas Cuba SOS<\/a> <a href=\"https:\/\/ligamosya.com\/a\/tag\/mexico\/\">Mexico<\/a> <a href=\"https:\/\/ligamosya.com\/a\/category\/mexico\/\">M\u00c9XICO<\/a>. <\/p>\n\n\n<div class=\"wp-block-image\">\n<figure class=\"aligncenter is-resized\"><a href=\"https:\/\/ligamosya.com\/america-mx\/\"><img decoding=\"async\" src=\"https:\/\/ligamosya.com\/wp-content\/uploads\/2019\/10\/PHOTO-2021-08-03-13-44-56-500x460-1.jpg\" alt=\"Exponiendo creature pudri\u00e9ndose rapidamente\" style=\"width:894px;height:822px\"\/><\/a><\/figure>\n<\/div>\n\n\n<h2 class=\"wp-block-heading has-text-align-center\">Exponiendo creature pudri\u00e9ndose rapidamente. Una criatura de terror de pies a cabeza, en un centro de trabajo<\/h2>\n\n\n\n<p>Exponiendo creature pudri\u00e9ndose rapidamente. Luego de ilustrarnos sobre las tecnicas del cine de terror volvemos a esta relidad material: Estaba laborando para una tienda de productos. En ese dia habia muchos clientes, sali corriendo al terminar mi turno. Llegue a mi casa, meto mis manos a los bolsillos y la llave no estaba. Vacio mi maleta y nada. Definitivamnte la llave no la traia aconmigo, me pongo a pensar y concluyo que la habia dejado en mi cubiculo. Ya que en el trayecto no hubo incidentes. <\/p>\n\n\n\n<div class=\"wp-block-comments\"><h2 id=\"comments\" class=\"wp-block-comments-title\">One response to &#8220;Exponiendo a creature (esta pudri\u00e9ndose)&#8221;<\/h2>\n\n<ol class=\"wp-block-comment-template\"><li id=\"comment-84\" class=\"comment byuser comment-author-cyber bypostauthor even thread-even depth-1\">\n\n<div class=\"wp-block-columns is-layout-flex wp-container-core-columns-is-layout-9d6595d7 wp-block-columns-is-layout-flex\">\n<div class=\"wp-block-column is-layout-flow wp-block-column-is-layout-flow\" style=\"flex-basis:40px\"><div class=\"wp-block-avatar\"><img alt='Community Avatar' src='https:\/\/secure.gravatar.com\/avatar\/90869386bd3ce06db6e6eb09679dd7674e446a4339e6899a1b92c4b3cc3c1ba2?s=40&#038;d=mm&#038;r=g' srcset='https:\/\/secure.gravatar.com\/avatar\/90869386bd3ce06db6e6eb09679dd7674e446a4339e6899a1b92c4b3cc3c1ba2?s=80&#038;d=mm&#038;r=g 2x' class='avatar avatar-40 photo wp-block-avatar__image' height='40' width='40'  style=\"border-radius:20px;\"\/><\/div><\/div>\n\n\n\n<div class=\"wp-block-column is-layout-flow wp-block-column-is-layout-flow\"><div class=\"wp-block-comment-author-name has-small-font-size\">Community<\/div>\n\n\n<div class=\"wp-block-group is-layout-flex wp-block-group-is-layout-flex\" style=\"margin-top:0px;margin-bottom:0px\"><div class=\"wp-block-comment-date has-small-font-size\"><time datetime=\"2023-11-23T15:05:57+00:00\"><a href=\"https:\/\/ligamosya.com\/a\/exponiendo-a-creature-esta-pudriendose\/#comment-84\">  <\/a><\/time><\/div>\n\n<\/div>\n\n\n<div class=\"wp-block-comment-content\"><p>\u00bfA cuantas criaturas te has encontrado en tu vida?<\/p>\n<\/div>\n\n<div class=\"wp-block-comment-reply-link has-small-font-size\"><a rel=\"nofollow\" class=\"comment-reply-login\" href=\"https:\/\/ligamosya.com\/a\/wp-login.php?redirect_to=https%3A%2F%2Fligamosya.com%2Fa%2Fexponiendo-a-creature-esta-pudriendose%2F\">Log in to Reply<\/a><\/div><\/div>\n<\/div>\n\n<\/li><\/ol>\n\n\n\n\t<div id=\"respond\" class=\"comment-respond wp-block-post-comments-form\">\n\t\t<h3 id=\"reply-title\" class=\"comment-reply-title\">Comments (1) <small><a rel=\"nofollow\" id=\"cancel-comment-reply-link\" href=\"\/a\/wp-json\/wp\/v2\/pages\/28136#respond\" style=\"display:none;\">Cancel reply<\/a><\/small><\/h3><p class=\"must-log-in\">You must be <a href=\"https:\/\/ligamosya.com\/a\/wp-login.php?redirect_to=https%3A%2F%2Fligamosya.com%2Fa%2Fexponiendo-a-creature-esta-pudriendose%2F\">logged in<\/a> to post a comment.<\/p>\t<\/div><!-- #respond -->\n\t<\/div>\n\n\n\n<p>Llamo a la &#8220;compa\u00f1era&#8221;, que atendia en el mostrador en esa hora.  Le digo que de favor me revise mi zona de trabajo para corroborar si estaba mi llave y entonces regresar a buscarla. Dijo &#8220;estoy ocupada, hay muchos compradores&#8221;, la espero y le digo cuando te desocupes fijate  y dijo, si. Llamo al rato otra vez y me dice &#8220;no esta&#8221; (yo le indique exactamente el lugar donde colocaba esa llave). Le digo otra vez &#8220;por faa revisa bien ahi&#8221; y otra vez me dice &#8220;no hay nada&#8221;. En la ma\u00f1ana siguiente llego y lo primero que miro es la llave insertada en ese cajon donde la guardaba. Le digo a esta mujer &#8220;mira no que no estaba la llave&#8221; y responde bla bla bla. Dando vueltas o maromas retoricas tratando de justificarse cinicamente. Esta historia real, te suena \u00bfHas padecido algo similar con estos sicopatas?<\/p>\n\n\n\n<h2 class=\"wp-block-heading has-text-align-center\">El caso de &#8220;pie grande&#8221;. Visitar las paginas sociales de pel\u00edculas novelas y mas, vivir entretenimiento total<\/h2>\n\n\n\n<p>Estaba laborando en una ciudad peque\u00f1a rodeada de bosques. Al llegar el primer dia mire el chofer del centro de trabajo media 2 metros o mas de altura. Lo disimulaba con un uniforme tipo rescatista. Cuando nos traslado a otro ubicacion de trabajo, el individuo se baja a comprar cosas a una tiendita. LA CAMIONETA SE BALANCEA. Los habitantes le gritan pie grande pie grande. Una vez se le aplico un examen para medir sus conocimientos, resulta que ignoraba hasta lo basico y me preguntaba las respuestas. Pasado dias de mi estancia el tal pie grande me roba un traje que habia guardado en mi oficina. En su mirada exiStia cierto odio andaba siempre con la frente arrugada y los arcos de la frente estaban abuLtados. <\/p>\n\n\n\n<p>Su mentalidad infantil estaba mezclada con comportamiento animalesco. Esta historia es real e impactante tanto que cuando egrese de aquel trabajo me pregunte \u00bfeste es un ser con poca evolucion? Una sub especie homo que se ha colao. Si este relato te causa tambien curiosidad en proximas entregas podemos ampliarlo \u00bfQue opinas? \u00bfhaz vivido algo igual? <a href=\"https:\/\/ligamosya.com\/a\/progresistas-comunistas-cuba-sos\/\">Progresistas comunistas Cuba SOS<\/a> <a href=\"https:\/\/ligamosya.com\/terror-horror-miedo-peliculas\/\">https:\/\/ligamosya.com\/terror-horror-miedo-peliculas\/<\/a> <a href=\"https:\/\/ligamosya.com\/terror-accion-adrenalina-full\/\">Terror accion adrenalina full<\/a>. <a href=\"https:\/\/ligamosya.com\/terror-accion-adrenalina-full\/\">Terror Acci\u00f3n Adrenalina al millon<\/a>&nbsp;<a href=\"https:\/\/ligamosya.com\/terror-horror-miedo-peliculas\/\">Terror Horror y miedo Pel\u00edculas!<\/a>&nbsp;<a href=\"https:\/\/ligamosya.com\/horror-movies-halloween-day\/\">Horror Movies Halloween day!<\/a>&nbsp;<a href=\"https:\/\/ligamosya.com\/novelas-amor-intrigas-comedy\/\">Novelas amor intrigas Comedy horror<\/a>.&nbsp;<a href=\"https:\/\/ligamosya.com\/pelis\/\">Watch Movies Series Novels Shows to talk and share<\/a>.<\/p>\n\n\n\n<h2 class=\"wp-block-heading has-text-align-center\">Exponiendo a las criaturas pudri\u00e9ndose exponencialmente \u00bfPorque este titulo? Te lo cuento<\/h2>\n\n\n\n<p>La criatura o criaturas de tanta maldad y caos que generan en sus acciones, es lo mismo que esta sucediendo en las celulas y componentes de su cuerpo. El mismo caos , desorden autodestruccion (entropia). Dando resultado su aspecto envejecio al mirarlos. En verdad estan envejecidos por dentro y por fuera muriendo por dentro y por fuera, corazon fallido, etc. \u00bfTe has encontrado con criatura asi?<\/p>\n\n\n\n<p><em>Chema dice: y ese se\u00f1or cuando termina de bla bla bla en su ma\u00f1anera \u00bfluego que hace? Dicen que tiene una hamaca en el palacio. Maria dice: Buena pregunta, interesante no lo habia pensado.<\/em>&nbsp;<a href=\"https:\/\/ligamosya.com\/tag\/amlo\/\">Amlo<\/a>.<\/p>\n","protected":false},"excerpt":{"rendered":"<p>Exponiendo creature pudri\u00e9ndose rapidamente. Salto contento al autob\u00fas del metro porque ya se estaba llenando. No me dio tiempo de mirar su letrero frontal, por si acaso, y le pregunto as\u00ed a una &#8220;\u00f1ora&#8221;, bueno, esta se me queda mirando &hellip; <a href=\"https:\/\/ligamosya.com\/a\/exponiendo-a-creature-esta-pudriendose\/\">Continue reading <span class=\"meta-nav\">&rarr;<\/span><\/a><\/p>\n","protected":false},"author":1,"featured_media":28137,"parent":0,"menu_order":0,"comment_status":"open","ping_status":"closed","template":"showcase.php","meta":{"footnotes":""},"class_list":["post-28136","page","type-page","status-publish","has-post-thumbnail","hentry"],"yoast_head":"<!-- This site is optimized with the Yoast SEO plugin v27.4 - https:\/\/yoast.com\/product\/yoast-seo-wordpress\/ -->\n<title>Exponiendo creature pudri\u00e9ndose rapidamente \u00bfQue es esto?<\/title>\n<meta name=\"description\" content=\"Exponiendo creature pudri\u00e9ndose rapidamente. Salto contento al autob\u00fas del metro porque ya se estaba llenando, no medio tiempo de mirar su..\" \/>\n<meta name=\"robots\" content=\"index, follow, max-snippet:-1, max-image-preview:large, max-video-preview:-1\" \/>\n<link rel=\"canonical\" href=\"https:\/\/ligamosya.com\/a\/exponiendo-a-creature-esta-pudriendose\/\" \/>\n<meta property=\"og:locale\" content=\"en_US\" \/>\n<meta property=\"og:type\" content=\"article\" \/>\n<meta property=\"og:title\" content=\"Exponiendo creature pudri\u00e9ndose rapidamente \u00bfQue es esto?\" \/>\n<meta property=\"og:description\" content=\"Exponiendo creature pudri\u00e9ndose rapidamente. Salto contento al autob\u00fas del metro porque ya se estaba llenando, no medio tiempo de mirar su..\" \/>\n<meta property=\"og:url\" content=\"https:\/\/ligamosya.com\/a\/exponiendo-a-creature-esta-pudriendose\/\" \/>\n<meta property=\"og:site_name\" content=\"Ly mobile it&#039;s People&#039;s Internet Internet de las Personas\" \/>\n<meta property=\"article:publisher\" content=\"https:\/\/www.facebook.com\/groups\/Internetdelaspersonas\/\" \/>\n<meta property=\"article:modified_time\" content=\"2026-01-02T13:56:59+00:00\" \/>\n<meta property=\"og:image\" content=\"https:\/\/ligamosya.com\/a\/wp-content\/uploads\/2023\/04\/1a9217375dbd26e1fd115b71f9e3dff9-creature-design-creature-feature.jpg\" \/>\n\t<meta property=\"og:image:width\" content=\"236\" \/>\n\t<meta property=\"og:image:height\" content=\"312\" \/>\n\t<meta property=\"og:image:type\" content=\"image\/jpeg\" \/>\n<meta name=\"twitter:card\" content=\"summary_large_image\" \/>\n<script type=\"application\/ld+json\" class=\"yoast-schema-graph\">{\"@context\":\"https:\\\/\\\/schema.org\",\"@graph\":[{\"@type\":\"WebPage\",\"@id\":\"https:\\\/\\\/ligamosya.com\\\/a\\\/exponiendo-a-creature-esta-pudriendose\\\/\",\"url\":\"https:\\\/\\\/ligamosya.com\\\/a\\\/exponiendo-a-creature-esta-pudriendose\\\/\",\"name\":\"Exponiendo creature pudri\u00e9ndose rapidamente \u00bfQue es esto?\",\"isPartOf\":{\"@id\":\"https:\\\/\\\/ligamosya.com\\\/a\\\/#website\"},\"primaryImageOfPage\":{\"@id\":\"https:\\\/\\\/ligamosya.com\\\/a\\\/exponiendo-a-creature-esta-pudriendose\\\/#primaryimage\"},\"image\":{\"@id\":\"https:\\\/\\\/ligamosya.com\\\/a\\\/exponiendo-a-creature-esta-pudriendose\\\/#primaryimage\"},\"thumbnailUrl\":\"https:\\\/\\\/ligamosya.com\\\/a\\\/wp-content\\\/uploads\\\/2023\\\/04\\\/1a9217375dbd26e1fd115b71f9e3dff9-creature-design-creature-feature.jpg\",\"datePublished\":\"2023-04-22T23:39:46+00:00\",\"dateModified\":\"2026-01-02T13:56:59+00:00\",\"description\":\"Exponiendo creature pudri\u00e9ndose rapidamente. Salto contento al autob\u00fas del metro porque ya se estaba llenando, no medio tiempo de mirar su..\",\"breadcrumb\":{\"@id\":\"https:\\\/\\\/ligamosya.com\\\/a\\\/exponiendo-a-creature-esta-pudriendose\\\/#breadcrumb\"},\"inLanguage\":\"en-US\",\"potentialAction\":[{\"@type\":\"ReadAction\",\"target\":[\"https:\\\/\\\/ligamosya.com\\\/a\\\/exponiendo-a-creature-esta-pudriendose\\\/\"]}]},{\"@type\":\"ImageObject\",\"inLanguage\":\"en-US\",\"@id\":\"https:\\\/\\\/ligamosya.com\\\/a\\\/exponiendo-a-creature-esta-pudriendose\\\/#primaryimage\",\"url\":\"https:\\\/\\\/ligamosya.com\\\/a\\\/wp-content\\\/uploads\\\/2023\\\/04\\\/1a9217375dbd26e1fd115b71f9e3dff9-creature-design-creature-feature.jpg\",\"contentUrl\":\"https:\\\/\\\/ligamosya.com\\\/a\\\/wp-content\\\/uploads\\\/2023\\\/04\\\/1a9217375dbd26e1fd115b71f9e3dff9-creature-design-creature-feature.jpg\",\"width\":236,\"height\":312,\"caption\":\"Exponiendo creature pudri\u00e9ndose rapidamente\"},{\"@type\":\"BreadcrumbList\",\"@id\":\"https:\\\/\\\/ligamosya.com\\\/a\\\/exponiendo-a-creature-esta-pudriendose\\\/#breadcrumb\",\"itemListElement\":[{\"@type\":\"ListItem\",\"position\":1,\"name\":\"Home\",\"item\":\"https:\\\/\\\/ligamosya.com\\\/a\\\/\"},{\"@type\":\"ListItem\",\"position\":2,\"name\":\"Exponiendo a creature (esta pudri\u00e9ndose)\"}]},{\"@type\":\"WebSite\",\"@id\":\"https:\\\/\\\/ligamosya.com\\\/a\\\/#website\",\"url\":\"https:\\\/\\\/ligamosya.com\\\/a\\\/\",\"name\":\"Ly mobile it&#039;s People&#039;s Internet Internet de las Personas\",\"description\":\"T\u00fa estas en el mundo a todo lujo. You are in the world in luxury\",\"publisher\":{\"@id\":\"https:\\\/\\\/ligamosya.com\\\/a\\\/#organization\"},\"potentialAction\":[{\"@type\":\"SearchAction\",\"target\":{\"@type\":\"EntryPoint\",\"urlTemplate\":\"https:\\\/\\\/ligamosya.com\\\/a\\\/?s={search_term_string}\"},\"query-input\":{\"@type\":\"PropertyValueSpecification\",\"valueRequired\":true,\"valueName\":\"search_term_string\"}}],\"inLanguage\":\"en-US\"},{\"@type\":\"Organization\",\"@id\":\"https:\\\/\\\/ligamosya.com\\\/a\\\/#organization\",\"name\":\"Ly mobile\",\"url\":\"https:\\\/\\\/ligamosya.com\\\/a\\\/\",\"logo\":{\"@type\":\"ImageObject\",\"inLanguage\":\"en-US\",\"@id\":\"https:\\\/\\\/ligamosya.com\\\/a\\\/#\\\/schema\\\/logo\\\/image\\\/\",\"url\":\"https:\\\/\\\/ligamosya.com\\\/a\\\/wp-content\\\/uploads\\\/2019\\\/11\\\/2_win1.ico\",\"contentUrl\":\"https:\\\/\\\/ligamosya.com\\\/a\\\/wp-content\\\/uploads\\\/2019\\\/11\\\/2_win1.ico\",\"width\":32,\"height\":32,\"caption\":\"Ly mobile\"},\"image\":{\"@id\":\"https:\\\/\\\/ligamosya.com\\\/a\\\/#\\\/schema\\\/logo\\\/image\\\/\"},\"sameAs\":[\"https:\\\/\\\/www.facebook.com\\\/groups\\\/Internetdelaspersonas\\\/\",\"https:\\\/\\\/www.instagram.com\\\/ligamosya.com_partner\\\/?hl=es-la\",\"https:\\\/\\\/www.pinterest.com.mx\\\/billmayoii\\\/\",\"https:\\\/\\\/www.youtube.com\\\/channel\\\/UCk3UUsA6_PbjUs3kL1Qohsw\"]}]}<\/script>\n<!-- \/ Yoast SEO plugin. -->","yoast_head_json":{"title":"Exponiendo creature pudri\u00e9ndose rapidamente \u00bfQue es esto?","description":"Exponiendo creature pudri\u00e9ndose rapidamente. Salto contento al autob\u00fas del metro porque ya se estaba llenando, no medio tiempo de mirar su..","robots":{"index":"index","follow":"follow","max-snippet":"max-snippet:-1","max-image-preview":"max-image-preview:large","max-video-preview":"max-video-preview:-1"},"canonical":"https:\/\/ligamosya.com\/a\/exponiendo-a-creature-esta-pudriendose\/","og_locale":"en_US","og_type":"article","og_title":"Exponiendo creature pudri\u00e9ndose rapidamente \u00bfQue es esto?","og_description":"Exponiendo creature pudri\u00e9ndose rapidamente. Salto contento al autob\u00fas del metro porque ya se estaba llenando, no medio tiempo de mirar su..","og_url":"https:\/\/ligamosya.com\/a\/exponiendo-a-creature-esta-pudriendose\/","og_site_name":"Ly mobile it&#039;s People&#039;s Internet Internet de las Personas","article_publisher":"https:\/\/www.facebook.com\/groups\/Internetdelaspersonas\/","article_modified_time":"2026-01-02T13:56:59+00:00","og_image":[{"width":236,"height":312,"url":"https:\/\/ligamosya.com\/a\/wp-content\/uploads\/2023\/04\/1a9217375dbd26e1fd115b71f9e3dff9-creature-design-creature-feature.jpg","type":"image\/jpeg"}],"twitter_card":"summary_large_image","schema":{"@context":"https:\/\/schema.org","@graph":[{"@type":"WebPage","@id":"https:\/\/ligamosya.com\/a\/exponiendo-a-creature-esta-pudriendose\/","url":"https:\/\/ligamosya.com\/a\/exponiendo-a-creature-esta-pudriendose\/","name":"Exponiendo creature pudri\u00e9ndose rapidamente \u00bfQue es esto?","isPartOf":{"@id":"https:\/\/ligamosya.com\/a\/#website"},"primaryImageOfPage":{"@id":"https:\/\/ligamosya.com\/a\/exponiendo-a-creature-esta-pudriendose\/#primaryimage"},"image":{"@id":"https:\/\/ligamosya.com\/a\/exponiendo-a-creature-esta-pudriendose\/#primaryimage"},"thumbnailUrl":"https:\/\/ligamosya.com\/a\/wp-content\/uploads\/2023\/04\/1a9217375dbd26e1fd115b71f9e3dff9-creature-design-creature-feature.jpg","datePublished":"2023-04-22T23:39:46+00:00","dateModified":"2026-01-02T13:56:59+00:00","description":"Exponiendo creature pudri\u00e9ndose rapidamente. Salto contento al autob\u00fas del metro porque ya se estaba llenando, no medio tiempo de mirar su..","breadcrumb":{"@id":"https:\/\/ligamosya.com\/a\/exponiendo-a-creature-esta-pudriendose\/#breadcrumb"},"inLanguage":"en-US","potentialAction":[{"@type":"ReadAction","target":["https:\/\/ligamosya.com\/a\/exponiendo-a-creature-esta-pudriendose\/"]}]},{"@type":"ImageObject","inLanguage":"en-US","@id":"https:\/\/ligamosya.com\/a\/exponiendo-a-creature-esta-pudriendose\/#primaryimage","url":"https:\/\/ligamosya.com\/a\/wp-content\/uploads\/2023\/04\/1a9217375dbd26e1fd115b71f9e3dff9-creature-design-creature-feature.jpg","contentUrl":"https:\/\/ligamosya.com\/a\/wp-content\/uploads\/2023\/04\/1a9217375dbd26e1fd115b71f9e3dff9-creature-design-creature-feature.jpg","width":236,"height":312,"caption":"Exponiendo creature pudri\u00e9ndose rapidamente"},{"@type":"BreadcrumbList","@id":"https:\/\/ligamosya.com\/a\/exponiendo-a-creature-esta-pudriendose\/#breadcrumb","itemListElement":[{"@type":"ListItem","position":1,"name":"Home","item":"https:\/\/ligamosya.com\/a\/"},{"@type":"ListItem","position":2,"name":"Exponiendo a creature (esta pudri\u00e9ndose)"}]},{"@type":"WebSite","@id":"https:\/\/ligamosya.com\/a\/#website","url":"https:\/\/ligamosya.com\/a\/","name":"Ly mobile it&#039;s People&#039;s Internet Internet de las Personas","description":"T\u00fa estas en el mundo a todo lujo. You are in the world in luxury","publisher":{"@id":"https:\/\/ligamosya.com\/a\/#organization"},"potentialAction":[{"@type":"SearchAction","target":{"@type":"EntryPoint","urlTemplate":"https:\/\/ligamosya.com\/a\/?s={search_term_string}"},"query-input":{"@type":"PropertyValueSpecification","valueRequired":true,"valueName":"search_term_string"}}],"inLanguage":"en-US"},{"@type":"Organization","@id":"https:\/\/ligamosya.com\/a\/#organization","name":"Ly mobile","url":"https:\/\/ligamosya.com\/a\/","logo":{"@type":"ImageObject","inLanguage":"en-US","@id":"https:\/\/ligamosya.com\/a\/#\/schema\/logo\/image\/","url":"https:\/\/ligamosya.com\/a\/wp-content\/uploads\/2019\/11\/2_win1.ico","contentUrl":"https:\/\/ligamosya.com\/a\/wp-content\/uploads\/2019\/11\/2_win1.ico","width":32,"height":32,"caption":"Ly mobile"},"image":{"@id":"https:\/\/ligamosya.com\/a\/#\/schema\/logo\/image\/"},"sameAs":["https:\/\/www.facebook.com\/groups\/Internetdelaspersonas\/","https:\/\/www.instagram.com\/ligamosya.com_partner\/?hl=es-la","https:\/\/www.pinterest.com.mx\/billmayoii\/","https:\/\/www.youtube.com\/channel\/UCk3UUsA6_PbjUs3kL1Qohsw"]}]}},"_links":{"self":[{"href":"https:\/\/ligamosya.com\/a\/wp-json\/wp\/v2\/pages\/28136","targetHints":{"allow":["GET"]}}],"collection":[{"href":"https:\/\/ligamosya.com\/a\/wp-json\/wp\/v2\/pages"}],"about":[{"href":"https:\/\/ligamosya.com\/a\/wp-json\/wp\/v2\/types\/page"}],"author":[{"embeddable":true,"href":"https:\/\/ligamosya.com\/a\/wp-json\/wp\/v2\/users\/1"}],"replies":[{"embeddable":true,"href":"https:\/\/ligamosya.com\/a\/wp-json\/wp\/v2\/comments?post=28136"}],"version-history":[{"count":0,"href":"https:\/\/ligamosya.com\/a\/wp-json\/wp\/v2\/pages\/28136\/revisions"}],"wp:featuredmedia":[{"embeddable":true,"href":"https:\/\/ligamosya.com\/a\/wp-json\/wp\/v2\/media\/28137"}],"wp:attachment":[{"href":"https:\/\/ligamosya.com\/a\/wp-json\/wp\/v2\/media?parent=28136"}],"curies":[{"name":"wp","href":"https:\/\/api.w.org\/{rel}","templated":true}]}}