{"id":120,"date":"2014-09-10T23:20:15","date_gmt":"2014-09-10T23:20:15","guid":{"rendered":"http:\/\/www.ligamosya.com\/juegos\/?page_id=120"},"modified":"2019-04-15T07:19:52","modified_gmt":"2019-04-15T07:19:52","slug":"120-2","status":"publish","type":"page","link":"https:\/\/ligamosya.com\/juegos\/120-2\/","title":{"rendered":""},"content":{"rendered":"<h1>Channel closed by the directives of the European Union parliament (Article 13) \ud83d\ude41  Take action <a href=\"https:\/\/www.ligamosya.com\/saveyourinternet\">to reverse this problem here<\/a><br \/>\nCanal cerrado por las directivas del parlamento de la Uni\u00f3n Europea (Articulo 13) Puede que tu pa\u00eds tambi\u00e9n se vea afectado \ud83d\ude41\u00a0 Toma acci\u00f3n para <a href=\"https:\/\/www.ligamosya.com\/saveyourinternet\">revertir este problema aqu\u00ed<\/a><\/h1>\n<p><iframe loading=\"lazy\" src=\"https:\/\/xat.com\/embed\/chat.php#id=3469735&#038;&#038;gn=LOCOS\" width=\"100%\" height=\"700\" frameborder=\"0\" scrolling=\"no\"><\/iframe><\/p>\n","protected":false},"excerpt":{"rendered":"<p>Channel closed by the directives of the European Union parliament (Article 13) \ud83d\ude41 Take action to reverse this problem here Canal cerrado por las directivas del parlamento de la Uni\u00f3n Europea (Articulo 13) Puede que tu pa\u00eds tambi\u00e9n se vea afectado \ud83d\ude41\u00a0 Toma acci\u00f3n para revertir este problema aqu\u00ed<\/p>\n","protected":false},"author":1,"featured_media":0,"parent":0,"menu_order":0,"comment_status":"closed","ping_status":"closed","template":"","meta":{"footnotes":""},"class_list":["post-120","page","type-page","status-publish","hentry"],"_links":{"self":[{"href":"https:\/\/ligamosya.com\/juegos\/wp-json\/wp\/v2\/pages\/120","targetHints":{"allow":["GET"]}}],"collection":[{"href":"https:\/\/ligamosya.com\/juegos\/wp-json\/wp\/v2\/pages"}],"about":[{"href":"https:\/\/ligamosya.com\/juegos\/wp-json\/wp\/v2\/types\/page"}],"author":[{"embeddable":true,"href":"https:\/\/ligamosya.com\/juegos\/wp-json\/wp\/v2\/users\/1"}],"replies":[{"embeddable":true,"href":"https:\/\/ligamosya.com\/juegos\/wp-json\/wp\/v2\/comments?post=120"}],"version-history":[{"count":0,"href":"https:\/\/ligamosya.com\/juegos\/wp-json\/wp\/v2\/pages\/120\/revisions"}],"wp:attachment":[{"href":"https:\/\/ligamosya.com\/juegos\/wp-json\/wp\/v2\/media?parent=120"}],"curies":[{"name":"wp","href":"https:\/\/api.w.org\/{rel}","templated":true}]}}