{"id":568,"date":"2014-12-08T11:51:50","date_gmt":"2014-12-08T11:51:50","guid":{"rendered":"http:\/\/www.ligamosya.com\/juegos\/?page_id=568"},"modified":"2024-11-13T01:33:33","modified_gmt":"2024-11-13T01:33:33","slug":"papas-freezeria-the-best","status":"publish","type":"page","link":"https:\/\/ligamosya.com\/juegos\/papas-freezeria-the-best\/","title":{"rendered":"Papa&#8217;s Freezeria The best manager of a dessert shop!"},"content":{"rendered":"\n<iframe loading=\"lazy\" src=\"https:\/\/www.cooljuegos.com\/embed\/papa-s-freezeria\/\" frameborder=\"0\" scrolling=\"no\" width=\"100%\" height=\"515\" sandbox=\"allow-scripts allow-same-origin allow-orientation-lock allow-presentation allow-top-navigation\" allowfullscreen><\/iframe>\n\n\n\n<details class=\"wp-block-details has-black-color has-text-color has-background has-link-color wp-elements-0a565cbbc1e2ff55e96f06bb31277a68 is-layout-flow wp-block-details-is-layout-flow\" style=\"background-color:#f0f8ff\"><summary>Social sharing and invite Compartir socialmente e invitar.. <\/summary>\n<p>This is the link Esta es la liga: https:\/\/ligamosya.com\/juegos\/juegos-stunningly-beautiful<\/p>\n\n\n\n<iframe loading=\"lazy\" src=\"https:\/\/xat.com\/embed\/chat.php#id=4&#038;gn=Flirt\" width=\"100%\" height=\"486\" frameborder=\"0\" scrolling=\"no\"><\/iframe>\n<\/details>\n\n\n\n<p>Pulsar las botones o items que te indican las flechas. Servir a sus clientes sus dulces favoritos  en m\u00faltiples estaciones, esforz\u00e1ndose por no cometer errores. Enriquece elige la confiter\u00eda y obtener las propinas m\u00e1s generosas posibles. A medida que avanzas&#8230;descubrir impresionantes cosas #dress. <\/p>\n\n\n\n<div class=\"wp-block-buttons is-content-justification-center is-layout-flex wp-container-core-buttons-is-layout-16018d1d wp-block-buttons-is-layout-flex\">\n<div class=\"wp-block-button is-style-outline is-style-outline--1\"><a class=\"wp-block-button__link wp-element-button\" href=\"https:\/\/ligamosya.com\/juegos\/juegos-stunningly-beautiful\/\">Feed of Games<\/a><\/div>\n<\/div>\n","protected":false},"excerpt":{"rendered":"<p>Pulsar las botones o items que te indican las flechas. Servir a sus clientes sus dulces favoritos en m\u00faltiples estaciones, esforz\u00e1ndose por no cometer errores. Enriquece elige la confiter\u00eda y obtener las propinas m\u00e1s generosas posibles. A medida que avanzas&#8230;descubrir impresionantes cosas #dress.<\/p>\n","protected":false},"author":1,"featured_media":4029,"parent":0,"menu_order":0,"comment_status":"closed","ping_status":"open","template":"","meta":{"footnotes":""},"class_list":["post-568","page","type-page","status-publish","has-post-thumbnail","hentry"],"_links":{"self":[{"href":"https:\/\/ligamosya.com\/juegos\/wp-json\/wp\/v2\/pages\/568","targetHints":{"allow":["GET"]}}],"collection":[{"href":"https:\/\/ligamosya.com\/juegos\/wp-json\/wp\/v2\/pages"}],"about":[{"href":"https:\/\/ligamosya.com\/juegos\/wp-json\/wp\/v2\/types\/page"}],"author":[{"embeddable":true,"href":"https:\/\/ligamosya.com\/juegos\/wp-json\/wp\/v2\/users\/1"}],"replies":[{"embeddable":true,"href":"https:\/\/ligamosya.com\/juegos\/wp-json\/wp\/v2\/comments?post=568"}],"version-history":[{"count":0,"href":"https:\/\/ligamosya.com\/juegos\/wp-json\/wp\/v2\/pages\/568\/revisions"}],"wp:featuredmedia":[{"embeddable":true,"href":"https:\/\/ligamosya.com\/juegos\/wp-json\/wp\/v2\/media\/4029"}],"wp:attachment":[{"href":"https:\/\/ligamosya.com\/juegos\/wp-json\/wp\/v2\/media?parent=568"}],"curies":[{"name":"wp","href":"https:\/\/api.w.org\/{rel}","templated":true}]}}